{"id":29286,"date":"2025-10-17T23:46:13","date_gmt":"2025-10-17T21:46:13","guid":{"rendered":"https:\/\/marcinkrokowski.com\/datenschutzbestimmungen\/"},"modified":"2025-12-30T10:18:12","modified_gmt":"2025-12-30T09:18:12","slug":"datenschutzerklarung","status":"publish","type":"page","link":"https:\/\/marcinkrokowski.com\/de\/datenschutzerklarung\/","title":{"rendered":"Datenschutzbestimmungen"},"content":{"rendered":"\n<div class=\"wp-block-stackable-columns stk-block-columns stk-block stk-c0bddf3\" data-block-id=\"c0bddf3\"><style>.stk-c0bddf3-column{max-width:1800px !important;min-width:auto !important;}<\/style><div class=\"stk-row stk-inner-blocks stk-block-content stk-content-align stk-c0bddf3-column\">\n<div class=\"wp-block-stackable-column stk-block-column stk-column stk-block stk-d6e5ad0\" data-v=\"4\" data-block-id=\"d6e5ad0\"><div class=\"stk-column-wrapper stk-block-column__content stk-container stk-d6e5ad0-container stk--no-background stk--no-padding\"><div class=\"stk-block-content stk-inner-blocks stk-d6e5ad0-inner-blocks\">\n<h2 class=\"wp-block-heading\"><strong>Datenschutzerkl\u00e4rung marcinkrokowski.com<\/strong><\/h2>\n\n\n\n<h3 class=\"wp-block-heading\"><strong>1. Allgemeine Bestimmungen<\/strong><\/h3>\n\n\n\n<ol start=\"1\" class=\"wp-block-list\">\n<li>Diese Datenschutzrichtlinie legt die Grunds\u00e4tze f\u00fcr die Erhebung, die Verarbeitung und den Schutz personenbezogener Daten von Nutzern der Website <strong>marcinkrokowski.com<\/strong> (im Folgenden als &#8222;Website&#8220; bezeichnet) fest.<\/li>\n\n\n\n<li>Der Verwalter der pers\u00f6nlichen Daten ist <strong>Marcin Krokowski Fotografia Eventowa<\/strong>, NIP: 1251493897, mit dem eingetragenen Sitz in: Pl. J\u00f3zefa Hallera 5\/14a, 03-464 Warschau. <\/li>\n\n\n\n<li>Kontakt zum Administrator:\n<ul class=\"wp-block-list\">\n<li>E-Mail: <strong><span \n                data-original-string='a0XWU2B9nQpNYFEuqGNI4Q==7eeK89pPzp1qmk4EgGQ4da9xDIK7E9FDdZAJdrhamOA4Go='\n                class='apbct-email-encoder'\n                title='Dieser Kontakt wurde von Anti-Spam by CleanTalk verschl\u00fcsselt. Klicken Sie hier, um ihn zu entschl\u00fcsseln. Um die Entschl\u00fcsselung abzuschlie\u00dfen, stellen Sie sicher, dass JavaScript in Ihrem Browser aktiviert ist.'>ko<span class=\"apbct-blur\">*****<\/span>@<span class=\"apbct-blur\">*************<\/span>ki.com<\/span><\/strong><\/li>\n\n\n\n<li>Telefon: +48 501 650 433<\/li>\n<\/ul>\n<\/li>\n\n\n\n<li>Die Daten werden in \u00dcbereinstimmung mit der Verordnung (EU) 2016\/679 des Europ\u00e4ischen Parlaments und des Rates (RODO) und den geltenden polnischen Rechtsvorschriften verarbeitet.<\/li>\n\n\n\n<li>Mit der Nutzung der Website erkl\u00e4ren Sie sich mit dieser Datenschutzrichtlinie einverstanden.<\/li>\n<\/ol>\n\n\n\n<h3 class=\"wp-block-heading\"><strong>2. welche Daten ich sammle und in welchen Situationen<\/strong><\/h3>\n\n\n\n<figure class=\"wp-block-table\"><table class=\"has-fixed-layout\"><thead><tr><th><strong>Art der Daten<\/strong><\/th><th><strong>Situation\/Quelle des Erwerbs<\/strong><\/th><th><strong>Ziel der Sammlung<\/strong><\/th><\/tr><\/thead><tbody><tr><td>Name, E-Mail, Telefonnummer<\/td><td>Kontaktformular \/ Angebotsanfrage \/ Korrespondenz<\/td><td>Antwort auf eine Anfrage, Gesch\u00e4ftskontakt<\/td><\/tr><tr><td>Adresse (physischer Standort)<\/td><td>Bei Bedarf f\u00fcr Reise \/ Vertrag \/ Rechnung<\/td><td>Logistik, Ausstellung von Dokumenten<\/td><\/tr><tr><td>Verwaltungsdaten (z.B. Rechnungsdaten)<\/td><td>Kundenbestellungen Bilder \/ Kauf einer Dienstleistung<\/td><td>Leistungserbringung, Rechnungsstellung<\/td><\/tr><tr><td>IP-Adresse, Browser-Spezifikationen, Betriebssystem, Ger\u00e4tedaten<\/td><td>Server-Protokolle, Website-Analysen<\/td><td>Verkehrs\u00fcberwachung, Serviceoptimierung<\/td><\/tr><tr><td>Cookies und Tracking-Technologien<\/td><td>Cookie-Mechanismen \/ Tags \/ Analytik \/ Marketing<\/td><td>Personalisierung, Statistik, Marketing<\/td><\/tr><tr><td>Daten, die per Datei gesendet werden (z.B. Schrifts\u00e4tze, Vertr\u00e4ge, Standortfotos)<\/td><td>Kunde sendet Dateien\/Materialien<\/td><td>Vorbereitung der Inbetriebnahme \/ Vertragsausf\u00fchrung<\/td><\/tr><tr><td>Daten in der Pic-Time-Galerie (Logins, E-Mail-Adressen von Galeriekunden, Zugang zu Bildern)<\/td><td>Wenn ein Kunde die Galerie besucht, sich anmeldet oder \u00fcber einen sicheren Link eintritt<\/td><td>Dem Kunden Zugang zu seiner Galerie gew\u00e4hren<\/td><\/tr><tr><td>Kontakt- und Organisationsdaten (z. B. Name, Telefon, E-Mail, Datum und Ort)<\/td><td>Der Kunde f\u00fcllt ein Buchungsformular aus oder \u00fcbermittelt Daten f\u00fcr die Auftragserf\u00fcllung<\/td><td>Weitergabe von Daten an kooperierende Fotografen, Kameraleute oder an der Veranstaltung beteiligte Subunternehmer<\/td><\/tr><\/tbody><\/table><\/figure>\n\n\n\n<h3 class=\"wp-block-heading\"><strong>3 Verarbeitungszwecke und Rechtsgrundlage<\/strong><\/h3>\n\n\n\n<figure class=\"wp-block-table\"><table class=\"has-fixed-layout\"><thead><tr><th><strong>Zweck der Verarbeitung<\/strong><\/th><th><strong>Rechtsgrundlage<\/strong><\/th><\/tr><\/thead><tbody><tr><td>Kundenkontakt \/ Beantwortung von Anfragen<\/td><td>das berechtigte Interesse des Administrators<\/td><\/tr><tr><td>Durchf\u00fchrung des Fotoservices, Lieferung der Fotos<\/td><td>Vertragserf\u00fcllung \/ Dienstleistungsvertrag<\/td><\/tr><tr><td>Ausstellen von Rechnungen\/Fakturierung<\/td><td>gesetzliche Verpflichtung<\/td><\/tr><tr><td>Marketing\/Beteiligungen<\/td><td>Zustimmung des Benutzers<\/td><\/tr><tr><td>Verkehrsanalyse, Statistiken, Website-Optimierung<\/td><td>das berechtigte Interesse des Administrators<\/td><\/tr><tr><td>Personalisierung von Inhalten<\/td><td>Zustimmung des Benutzers<\/td><\/tr><tr><td>Weitergabe von Daten an kooperierende Fotografen, Kameraleute oder Subunternehmer zum Zwecke der Auftragserf\u00fcllung<\/td><td>Erf\u00fcllung eines Vertrags (Artikel 6 Absatz 1 Buchstabe b RODO)<\/td><\/tr><\/tbody><\/table><\/figure>\n\n\n\n<h3 class=\"wp-block-heading\"><strong>4 Datenempf\u00e4nger \/ Daten\u00fcbertragung<\/strong><\/h3>\n\n\n\n<ol start=\"1\" class=\"wp-block-list\">\n<li>Die Daten k\u00f6nnen Einrichtungen zur Verf\u00fcgung gestellt werden, die die Aktivit\u00e4ten des Dienstes unterst\u00fctzen, z.B.:\n<ul class=\"wp-block-list\">\n<li>Hosting-Anbieter,<\/li>\n\n\n\n<li>Analysetools,<\/li>\n\n\n\n<li>Pic-Time Plattform als Datenverarbeiter (f\u00fcr Bildergalerien),<\/li>\n\n\n\n<li>kooperierende Fotografen, Videofilmer, Betreiber von Fotokabinen und andere an dem Auftrag beteiligte Subunternehmer,<\/li>\n\n\n\n<li>Zahlungsdienstleister (falls verwendet).<\/li>\n<\/ul>\n<\/li>\n\n\n\n<li>Mitarbeiter und Unterauftragnehmer verarbeiten Daten nur in dem Umfang, der f\u00fcr die Erf\u00fcllung der ihnen \u00fcbertragenen Aufgaben erforderlich ist und auf der Grundlage von Vertr\u00e4gen oder Vereinbarungen gem\u00e4\u00df Artikel 28 RODO. Der f\u00fcr die Verarbeitung Verantwortliche arbeitet nur mit Partnern zusammen, die ein angemessenes Niveau der Datensicherheit gew\u00e4hrleisten.  <\/li>\n\n\n\n<li>Pic-Time agiert als Prozessor und speichert fotografische Inhalte gem\u00e4\u00df Ihren Anweisungen (vertraglich).<\/li>\n\n\n\n<li>Im Falle einer Daten\u00fcbertragung au\u00dferhalb des Europ\u00e4ischen Wirtschaftsraums (z.B. Pic-Time Server in den USA oder Australien) werden Schutzma\u00dfnahmen (z.B. Standardvertragsklauseln) angewendet.<\/li>\n\n\n\n<li>Der Administrator verkauft die pers\u00f6nlichen Daten der Benutzer nicht ohne deren ausdr\u00fcckliche Zustimmung an andere Parteien zu Marketingzwecken.<\/li>\n<\/ol>\n\n\n\n<h3 class=\"wp-block-heading\"><strong>5 Dauer der Datenspeicherung<\/strong><\/h3>\n\n\n\n<ul class=\"wp-block-list\">\n<li>Kontakt-\/Anfragedaten: werden f\u00fcr den Zeitraum aufbewahrt, der f\u00fcr die Bearbeitung des Falls oder die Zusammenarbeit erforderlich ist, oder bis die Zustimmung zur\u00fcckgezogen wird.<\/li>\n\n\n\n<li>Kundendaten (Rechnungen, Abrechnungen): Bis zu <strong>5 Jahre<\/strong> (in \u00dcbereinstimmung mit den steuerlichen Verpflichtungen).<\/li>\n\n\n\n<li>Analytische Daten\/Serverprotokolle: <strong>24 Monate<\/strong>.<\/li>\n\n\n\n<li>Pic-Time Galerie-Daten (Kunden-Logins, E-Mails, Zugangsdaten): f\u00fcr die Dauer der T\u00e4tigkeit der Galerie oder bis zur Beendigung der Zusammenarbeit \/ Schlie\u00dfung der Galerie (gem\u00e4\u00df Vertrag).<\/li>\n\n\n\n<li>Nach Ablauf der angegebenen Fristen werden die Daten gel\u00f6scht oder anonymisiert, es sei denn, es liegen Umst\u00e4nde vor, die eine l\u00e4ngere Speicherung rechtfertigen (z.B. Reklamationen, Rechtsstreitigkeiten).<\/li>\n<\/ul>\n\n\n\n<h3 class=\"wp-block-heading\"><strong>5a. \u00dcberpr\u00fcfung und flexible Klausel <\/strong><\/h3>\n\n\n\n<p>Der f\u00fcr die Verarbeitung Verantwortliche beh\u00e4lt sich das Recht vor, die Datens\u00e4tze in regelm\u00e4\u00dfigen Abst\u00e4nden &#8211; mindestens einmal j\u00e4hrlich &#8211; zu \u00fcberpr\u00fcfen, um festzustellen, welche Daten f\u00fcr die Zwecke, f\u00fcr die sie erhoben wurden, nicht mehr erforderlich sind, und sie zu l\u00f6schen oder zu anonymisieren, es sei denn, die Gesetzgebung schreibt ihre weitere Speicherung vor oder die weitere Verarbeitung ist zum Schutz vor Anspr\u00fcchen erforderlich.<\/p>\n\n\n\n<p>Falls die Daten f\u00fcr die Verteidigung von Anspr\u00fcchen oder die Aus\u00fcbung von Rechten ben\u00f6tigt werden, kann der Verwalter die Speicherung \u00fcber die \u00fcbliche Aufbewahrungsfrist hinaus verl\u00e4ngern, jedoch nur in dem Umfang, der f\u00fcr diese Zwecke erforderlich ist.<\/p>\n\n\n\n<h3 class=\"wp-block-heading\"><strong>6 Cookies und Tracking-Technologien<\/strong><\/h3>\n\n\n\n<ul class=\"wp-block-list\">\n<li>Die Website verwendet Cookies und verwandte Technologien (Tags, Web Beacons).<\/li>\n\n\n\n<li>Verwendete Arten von Cookies:   &#8211; Notwendig (f\u00fcr den Betrieb der Website) &#8211; Analytisch \/ statistisch (z.B. Google Analytics) &#8211; Marketing \/ Werbung (nur, wenn Sie sich in Zukunft daf\u00fcr entscheiden).<\/li>\n\n\n\n<li>Im Falle von Pic-Time-Galerien k\u00f6nnen Besucher aufgefordert werden, eine E-Mail-Adresse anzugeben, bevor sie die Galerie betreten (Funktion &#8218;E-Mail vor dem Betreten anfordern&#8216;).<\/li>\n\n\n\n<li>Galerien k\u00f6nnen als privat gekennzeichnet werden, nur f\u00fcr eingeladene Personen oder mit einem Zugangscode zug\u00e4nglich sein.<\/li>\n\n\n\n<li>Der Benutzer kann die Zustimmung zu Cookies \u00fcber das Cookie-Banner oder die Browsereinstellungen verwalten.<\/li>\n\n\n\n<li>Die Deaktivierung bestimmter Cookies kann die Funktionalit\u00e4t einschr\u00e4nken (Statistiken, Galerie-Login usw.).<\/li>\n<\/ul>\n\n\n\n<h3 class=\"wp-block-heading\"><strong>7 Sicherheitsma\u00dfnahmen<\/strong><\/h3>\n\n\n\n<p>Der Administrator verwendet technische und organisatorische Ma\u00dfnahmen, darunter:<\/p>\n\n\n\n<ul class=\"wp-block-list\">\n<li>HTTPS-Protokoll (Verschl\u00fcsselung der Daten\u00fcbertragung),<\/li>\n\n\n\n<li>regelm\u00e4\u00dfige Aktualisierungen des Systems und der Plug-ins,<\/li>\n\n\n\n<li>Zugriffskontrolle, sichere Passw\u00f6rter, Einschr\u00e4nkung der Rechte,<\/li>\n\n\n\n<li>Backups erstellen,<\/li>\n\n\n\n<li>den Zugriff auf die Daten nur auf autorisierte Personen beschr\u00e4nken,<\/li>\n\n\n\n<li>f\u00fcr Pic-Time-Galerien: Verwendung der verf\u00fcgbaren Sicherheitsfunktionen (Passw\u00f6rter, Link-Zugang, private Galerien), gem\u00e4\u00df der Pic-Time-Dokumentation.<\/li>\n\n\n\n<li>Pic-Time wendet die Sicherheit der Infrastruktur an: Verschl\u00fcsselung &#8218;in motion and at rest&#8216;, Sicherheitsrichtlinien, eingeschr\u00e4nkter Zugang.<\/li>\n<\/ul>\n\n\n\n<h3 class=\"wp-block-heading\"><strong>8 Benutzerrechte<\/strong><\/h3>\n\n\n\n<p>Der Benutzer hat Rechte:<\/p>\n\n\n\n<ul class=\"wp-block-list\">\n<li>Zugang zu ihren Daten und erhalten eine Kopie,<\/li>\n\n\n\n<li>Berichtigung von Daten,<\/li>\n\n\n\n<li>L\u00f6schung von Daten (Recht auf Vergessenwerden),<\/li>\n\n\n\n<li>Einschr\u00e4nkung der Verarbeitung,<\/li>\n\n\n\n<li>der Verarbeitung widersprechen (insbesondere zu Marketing- oder Analysezwecken),<\/li>\n\n\n\n<li>Daten\u00fcbertragbarkeit (sofern technisch m\u00f6glich),<\/li>\n\n\n\n<li>die Einwilligung widerrufen (wenn die Verarbeitung auf einer Einwilligung beruht) &#8211; der Widerruf ber\u00fchrt nicht die Rechtm\u00e4\u00dfigkeit der Handlungen vor dem Widerruf,<\/li>\n\n\n\n<li>eine Beschwerde bei einer Aufsichtsbeh\u00f6rde einzureichen (in Polen: der Pr\u00e4sident des Amtes f\u00fcr den Schutz personenbezogener Daten).<\/li>\n<\/ul>\n\n\n\n<p>Um Ihre Rechte auszu\u00fcben, k\u00f6nnen Sie den Administrator unter Verwendung der in Abschnitt 1 angegebenen Daten kontaktieren.<\/p>\n\n\n\n<p>Im Zusammenhang mit der Pic-Time-Galerie: Der Kunde der Galerie hat das Recht, die L\u00f6schung \/ Einschr\u00e4nkung der Daten im Zusammenhang mit seinem Zugang zur Galerie zu verlangen.<\/p>\n\n\n\n<h3 class=\"wp-block-heading\"><strong>9. \u00e4nderungen der Datenschutzbestimmungen<\/strong><\/h3>\n\n\n\n<ul class=\"wp-block-list\">\n<li>Der Administrator beh\u00e4lt sich das Recht vor, \u00c4nderungen an der Datenschutzerkl\u00e4rung vorzunehmen (z.B. aufgrund von Gesetzes\u00e4nderungen, technologischen Ver\u00e4nderungen oder Funktionserweiterungen).<\/li>\n\n\n\n<li>Die Benutzer werden \u00fcber wesentliche \u00c4nderungen durch eine Nachricht auf der Website oder, wenn m\u00f6glich, per E-Mail informiert.<\/li>\n\n\n\n<li>Die neue Fassung der Richtlinie tritt entweder am Tag der Ver\u00f6ffentlichung oder an dem in der Mitteilung angegebenen Datum in Kraft (sofern in der Mitteilung nicht anders angegeben).<\/li>\n\n\n\n<li>Sollte sich eine Bestimmung dieser Richtlinie als ung\u00fcltig oder nicht durchsetzbar erweisen, bleiben die \u00fcbrigen Bestimmungen in Kraft; der Administrator wird die n\u00e4chstm\u00f6gliche akzeptable L\u00f6sung anwenden, die mit dem Gesetz und dem Geist dieser Richtlinie vereinbar ist.<\/li>\n<\/ul>\n\n\n\n<p><\/p>\n<\/div><\/div><\/div>\n<\/div><\/div>\n","protected":false},"excerpt":{"rendered":"<p>Datenschutzerkl\u00e4rung marcinkrokowski.com 1. Allgemeine Bestimmungen 2. welche Daten ich sammle und in welchen Situationen Art der Daten Situation\/Quelle des Erwerbs Ziel der Sammlung Name, E-Mail,<\/p>\n","protected":false},"author":1,"featured_media":0,"parent":0,"menu_order":0,"comment_status":"closed","ping_status":"closed","template":"","meta":{"footnotes":""},"class_list":{"0":"post-29286","1":"page","2":"type-page","3":"status-publish","5":"infinite-scroll-item"},"featured_image_urls_v2":{"full":"","thumbnail":"","medium":"","medium_large":"","large":"","1536x1536":"","2048x2048":"","gform-image-choice-sm":"","gform-image-choice-md":"","gform-image-choice-lg":""},"post_excerpt_stackable_v2":"<p>Datenschutzerkl\u00e4rung marcinkrokowski.com 1. Allgemeine Bestimmungen Diese Datenschutzrichtlinie legt die Grunds\u00e4tze f\u00fcr die Erhebung, die Verarbeitung und den Schutz personenbezogener Daten von Nutzern der Website marcinkrokowski.com (im Folgenden als &#8222;Website&#8220; bezeichnet) fest. Der Verwalter der pers\u00f6nlichen Daten ist Marcin Krokowski Fotografia Eventowa, NIP: 1251493897, mit dem eingetragenen Sitz in: Pl. J\u00f3zefa Hallera 5\/14a, 03-464 Warschau. Kontakt zum Administrator: E-Mail: ko*****@*************ki.com Telefon: +48 501 650 433 Die Daten werden in \u00dcbereinstimmung mit der Verordnung (EU) 2016\/679 des Europ\u00e4ischen Parlaments und des Rates (RODO) und den geltenden polnischen Rechtsvorschriften verarbeitet. Mit der Nutzung der Website erkl\u00e4ren Sie sich mit dieser Datenschutzrichtlinie einverstanden. 2&#8230;.<\/p>\n","category_list_v2":"","author_info_v2":{"name":"Marcin","url":"https:\/\/marcinkrokowski.com\/de\/author\/marcinkompele_k2gxbthi\/"},"comments_num_v2":"0 comments","_links":{"self":[{"href":"https:\/\/marcinkrokowski.com\/de\/wp-json\/wp\/v2\/pages\/29286","targetHints":{"allow":["GET"]}}],"collection":[{"href":"https:\/\/marcinkrokowski.com\/de\/wp-json\/wp\/v2\/pages"}],"about":[{"href":"https:\/\/marcinkrokowski.com\/de\/wp-json\/wp\/v2\/types\/page"}],"author":[{"embeddable":true,"href":"https:\/\/marcinkrokowski.com\/de\/wp-json\/wp\/v2\/users\/1"}],"replies":[{"embeddable":true,"href":"https:\/\/marcinkrokowski.com\/de\/wp-json\/wp\/v2\/comments?post=29286"}],"version-history":[{"count":4,"href":"https:\/\/marcinkrokowski.com\/de\/wp-json\/wp\/v2\/pages\/29286\/revisions"}],"predecessor-version":[{"id":31098,"href":"https:\/\/marcinkrokowski.com\/de\/wp-json\/wp\/v2\/pages\/29286\/revisions\/31098"}],"wp:attachment":[{"href":"https:\/\/marcinkrokowski.com\/de\/wp-json\/wp\/v2\/media?parent=29286"}],"curies":[{"name":"wp","href":"https:\/\/api.w.org\/{rel}","templated":true}]}}