{"id":22154,"date":"2025-08-24T18:14:26","date_gmt":"2025-08-24T16:14:26","guid":{"rendered":"https:\/\/marcinkrokowski.com\/links\/"},"modified":"2025-12-29T22:50:13","modified_gmt":"2025-12-29T21:50:13","slug":"links","status":"publish","type":"page","link":"https:\/\/marcinkrokowski.com\/de\/links\/","title":{"rendered":"Links"},"content":{"rendered":"\n<div class=\"wp-block-stackable-columns stk-block-columns stk-block stk-528e2c7 stk-block-background\" data-block-id=\"528e2c7\"><style>.stk-528e2c7 {background-color:#f5f5f5 !important;}.stk-528e2c7:before{background-color:#f5f5f5 !important;}<\/style><div class=\"stk-row stk-inner-blocks stk-block-content stk-content-align stk-528e2c7-column\">\n<div class=\"wp-block-stackable-column stk-block-column stk-column stk-block stk-93100d3 stk-block-background\" data-v=\"4\" data-block-id=\"93100d3\"><style>.stk-93100d3 {background-color:var(--base-3) !important;border-top-left-radius:28px !important;border-top-right-radius:28px !important;border-bottom-right-radius:28px !important;border-bottom-left-radius:28px !important;overflow:hidden !important;box-shadow:0px 2px 22px 0px #00000045 !important;max-width:420px !important;min-width:auto !important;padding-top:36px !important;padding-right:28px !important;padding-bottom:36px !important;padding-left:28px !important;margin-right:auto !important;margin-left:auto !important;}.stk-93100d3:before{background-color:var(--base-3) !important;}<\/style><div class=\"stk-column-wrapper stk-block-column__content stk-container stk-93100d3-container stk--no-background stk--no-padding\"><div class=\"stk-block-content stk-inner-blocks stk-93100d3-inner-blocks\">\n<div class=\"wp-block-stackable-image stk-block-image stk-block stk-6967d55\" data-block-id=\"6967d55\"><style>.stk-6967d55 {border-top-left-radius:0px !important;border-top-right-radius:0px !important;border-bottom-right-radius:0px !important;border-bottom-left-radius:0px !important;overflow:hidden !important;}.stk-6967d55 .stk-img-wrapper{width:50% !important;}.stk-6967d55 .stk-img-wrapper img{border-radius:0px !important;object-position:50% 37% !important;}.stk-6967d55 .stk-img-wrapper img, .stk-6967d55 .stk-img-wrapper::after, .stk-6967d55 .stk-img-wrapper::before{mask-image:url('data:image\/svg+xml;base64,PHN2ZyB4bWxucz0iaHR0cDovL3d3dy53My5vcmcvMjAwMC9zdmciIHZpZXdCb3g9IjAgMCAxMDAgMTAwIiBwcmVzZXJ2ZUFzcGVjdFJhdGlvPSJub25lIj48Y2lyY2xlIGN4PSI1MCIgY3k9IjUwIiByPSI1MCI+PC9jaXJjbGU+PC9zdmc+') !important;-webkit-mask-image:url('data:image\/svg+xml;base64,PHN2ZyB4bWxucz0iaHR0cDovL3d3dy53My5vcmcvMjAwMC9zdmciIHZpZXdCb3g9IjAgMCAxMDAgMTAwIiBwcmVzZXJ2ZUFzcGVjdFJhdGlvPSJub25lIj48Y2lyY2xlIGN4PSI1MCIgY3k9IjUwIiByPSI1MCI+PC9jaXJjbGU+PC9zdmc+') !important;}<\/style><figure><span class=\"stk-img-wrapper stk-img--shape stk-image--shape-stretch\"><img loading=\"lazy\" decoding=\"async\" class=\"stk-img wp-image-17422\" src=\"https:\/\/marcinkrokowski.com\/wp-content\/uploads\/2025\/08\/Marcin-Krokowski-fotograf-eventowy-links-450x450.jpg\" width=\"450\" height=\"450\" alt=\"Ein Mann mit kurzem, gestyltem Haar und gestutztem Bart tr&#xE4;gt ein wei&#xDF;es T-Shirt und l&#xE4;chelt in die Kamera. Der Hintergrund ist unscharf und zeigt andere Menschen und eine moderne Einrichtung. \" title=\"\" srcset=\"https:\/\/marcinkrokowski.com\/wp-content\/uploads\/2025\/08\/Marcin-Krokowski-fotograf-eventowy-links-450x450.jpg 450w, https:\/\/marcinkrokowski.com\/wp-content\/uploads\/2025\/08\/Marcin-Krokowski-fotograf-eventowy-links-768x768.jpg 768w, https:\/\/marcinkrokowski.com\/wp-content\/uploads\/2025\/08\/Marcin-Krokowski-fotograf-eventowy-links.jpg 800w\" sizes=\"auto, (max-width: 450px) 100vw, 450px\" \/><\/span><\/figure><\/div>\n\n\n\n<div class=\"wp-block-stackable-heading stk-block-heading stk-block-heading--v2 stk-block stk-3655a1e\" id=\"marcin-krokowski\" data-block-id=\"3655a1e\"><style>.stk-3655a1e {margin-bottom:0px !important;}.stk-3655a1e .stk-block-heading__text{font-size:40px !important;}@media screen and (max-width: 1023px){.stk-3655a1e .stk-block-heading__text{font-size:40px !important;}}@media screen and (max-width: 767px){.stk-3655a1e .stk-block-heading__text{font-size:26px !important;}}<\/style><h1 class=\"stk-block-heading__text has-text-align-center\">Marcin Krokowski<\/h1><\/div>\n\n\n\n<div class=\"wp-block-stackable-heading stk-block-heading stk-block-heading--v2 stk-block stk-7b64cd6\" id=\"fotograf-eventowy\" data-block-id=\"7b64cd6\"><style>.stk-7b64cd6 {margin-bottom:0px !important;}.stk-7b64cd6 .stk-block-heading__text{font-size:32px !important;}@media screen and (max-width: 1023px){.stk-7b64cd6 .stk-block-heading__text{font-size:32px !important;}}@media screen and (max-width: 767px){.stk-7b64cd6 .stk-block-heading__text{font-size:21px !important;}}<\/style><h3 class=\"stk-block-heading__text has-text-align-center\">Event-Fotograf<\/h3><\/div>\n\n\n\n<div class=\"wp-block-stackable-text stk-block-text stk-block stk-4ae3bae\" data-block-id=\"4ae3bae\"><style>.stk-4ae3bae {margin-bottom:30px !important;}.stk-4ae3bae .stk-block-text__text{font-size:20px !important;color:var(--contrast-2) !important;}@media screen and (max-width: 1023px){.stk-4ae3bae .stk-block-text__text{font-size:20px !important;}}@media screen and (max-width: 767px){.stk-4ae3bae .stk-block-text__text{font-size:16px !important;}}<\/style><p class=\"stk-block-text__text has-text-color has-text-align-center\">Warschau und ganz Polen<\/p><\/div>\n\n\n\n<div class=\"wp-block-stackable-button-group stk-block-button-group stk-block stk-cd8490b\" data-block-id=\"cd8490b\"><style>.stk-cd8490b .stk-button-group{flex-direction:column !important;align-items:stretch !important;}.stk-cd8490b .stk-block{flex-basis:auto !important;}.stk-cd8490b .stk-block-button, .stk-cd8490b .stk-block-icon-button{flex:1 0 0% !important;}.stk-cd8490b {overflow:hidden !important;}<\/style><div class=\"stk-row stk-inner-blocks has-text-align-center stk-block-content stk-button-group\">\n<div class=\"wp-block-stackable-button stk-block-button stk-block stk-0b0871e\" data-block-id=\"0b0871e\"><style>.stk-0b0871e .stk-button{background:var(--contrast) !important;border-top-left-radius:28px !important;border-top-right-radius:28px !important;border-bottom-right-radius:28px !important;border-bottom-left-radius:28px !important;}.stk-0b0871e .stk-button__inner-text{font-weight:500 !important;}<\/style><a class=\"stk-link stk-button stk--hover-effect-darken\" href=\"https:\/\/marcinkrokowski.com\/portfolio?utm_source=linkpage&amp;utm_medium=button&amp;utm_campaign=portfolio\" title=\"Mein Portfolio ansehen\" target=\"_blank\" rel=\"noreferrer noopener\"><span class=\"stk--svg-wrapper\"><div class=\"stk--inner-svg\"><svg xmlns=\"http:\/\/www.w3.org\/2000\/svg\" viewbox=\"0 0 512 512\" aria-hidden=\"true\" width=\"32\" height=\"32\"><path d=\"M184 48H328c4.4 0 8 3.6 8 8V96H176V56c0-4.4 3.6-8 8-8zm-56 8V96H64C28.7 96 0 124.7 0 160v96H192 320 512V160c0-35.3-28.7-64-64-64H384V56c0-30.9-25.1-56-56-56H184c-30.9 0-56 25.1-56 56zM512 288H320v32c0 17.7-14.3 32-32 32H224c-17.7 0-32-14.3-32-32V288H0V416c0 35.3 28.7 64 64 64H448c35.3 0 64-28.7 64-64V288z\"><\/path><\/svg><\/div><\/span><span class=\"stk-button__inner-text\">Portfolio<\/span><\/a><\/div>\n\n\n\n<div class=\"wp-block-stackable-button stk-block-button stk-block stk-304b59f\" data-block-id=\"304b59f\"><style>.stk-304b59f .stk-button{background:var(--contrast) !important;border-top-left-radius:28px !important;border-top-right-radius:28px !important;border-bottom-right-radius:28px !important;border-bottom-left-radius:28px !important;}.stk-304b59f .stk-button__inner-text{font-weight:500 !important;}<\/style><a class=\"stk-link stk-button stk--hover-effect-darken\" href=\"https:\/\/marcinkrokowski.com\/de\/blog\/?utm_source=linkpage&amp;utm_medium=button&amp;utm_campaign=blog\" title=\"Lesen Sie meine Artikel &#xFC;ber Eventfotografie\" target=\"_blank\" rel=\"noreferrer noopener\"><span class=\"stk--svg-wrapper\"><div class=\"stk--inner-svg\"><svg xmlns=\"http:\/\/www.w3.org\/2000\/svg\" viewbox=\"0 0 448 512\" aria-hidden=\"true\" width=\"32\" height=\"32\"><path d=\"M0 64C0 46.3 14.3 32 32 32c229.8 0 416 186.2 416 416c0 17.7-14.3 32-32 32s-32-14.3-32-32C384 253.6 226.4 96 32 96C14.3 96 0 81.7 0 64zM0 416a64 64 0 1 1 128 0A64 64 0 1 1 0 416zM32 160c159.1 0 288 128.9 288 288c0 17.7-14.3 32-32 32s-32-14.3-32-32c0-123.7-100.3-224-224-224c-17.7 0-32-14.3-32-32s14.3-32 32-32z\"><\/path><\/svg><\/div><\/span><span class=\"stk-button__inner-text\">Blog<\/span><\/a><\/div>\n\n\n\n<div class=\"wp-block-stackable-button stk-block-button stk-block stk-cd688ac\" data-block-id=\"cd688ac\"><style>.stk-cd688ac .stk-button{background:var(--contrast) !important;border-top-left-radius:28px !important;border-top-right-radius:28px !important;border-bottom-right-radius:28px !important;border-bottom-left-radius:28px !important;}.stk-cd688ac .stk-button__inner-text{font-weight:500 !important;}<\/style><a class=\"stk-link stk-button stk--hover-effect-darken\" href=\"https:\/\/marcinkrokowski.com\/de\/angebot\/?utm_source=linkpage&amp;utm_medium=button&amp;utm_campaign=oferta\" title=\"Sehen Sie sich unser Angebot f&#xFC;r Eventfotografie an\" target=\"_blank\" rel=\"noreferrer noopener\"><span class=\"stk--svg-wrapper\"><div class=\"stk--inner-svg\"><svg xmlns=\"http:\/\/www.w3.org\/2000\/svg\" viewbox=\"0 0 448 512\" aria-hidden=\"true\" width=\"32\" height=\"32\"><path d=\"M0 80V229.5c0 17 6.7 33.3 18.7 45.3l176 176c25 25 65.5 25 90.5 0L418.7 317.3c25-25 25-65.5 0-90.5l-176-176c-12-12-28.3-18.7-45.3-18.7H48C21.5 32 0 53.5 0 80zm112 32a32 32 0 1 1 0 64 32 32 0 1 1 0-64z\"><\/path><\/svg><\/div><\/span><span class=\"stk-button__inner-text\">Angebot<\/span><\/a><\/div>\n\n\n\n<div class=\"wp-block-stackable-button stk-block-button stk-block stk-bd429a4\" data-block-id=\"bd429a4\"><style>.stk-bd429a4 .stk-button{background:var(--contrast) !important;border-top-left-radius:28px !important;border-top-right-radius:28px !important;border-bottom-right-radius:28px !important;border-bottom-left-radius:28px !important;}.stk-bd429a4 .stk-button__inner-text{font-weight:500 !important;}<\/style><a class=\"stk-link stk-button stk--hover-effect-darken\" href=\"https:\/\/wa.me\/48501650433?utm_source=linkpage&amp;utm_medium=button&amp;utm_campaign=whatsapp\" title=\"Schreiben Sie mir auf WhatsApp\" target=\"_blank\" rel=\"noreferrer noopener\"><span class=\"stk--svg-wrapper\"><div class=\"stk--inner-svg\"><svg xmlns=\"http:\/\/www.w3.org\/2000\/svg\" viewbox=\"0 0 448 512\" aria-hidden=\"true\" width=\"32\" height=\"32\"><path d=\"M380.9 97.1C339 55.1 283.2 32 223.9 32c-122.4 0-222 99.6-222 222 0 39.1 10.2 77.3 29.6 111L0 480l117.7-30.9c32.4 17.7 68.9 27 106.1 27h.1c122.3 0 224.1-99.6 224.1-222 0-59.3-25.2-115-67.1-157zm-157 341.6c-33.2 0-65.7-8.9-94-25.7l-6.7-4-69.8 18.3L72 359.2l-4.4-7c-18.5-29.4-28.2-63.3-28.2-98.2 0-101.7 82.8-184.5 184.6-184.5 49.3 0 95.6 19.2 130.4 54.1 34.8 34.9 56.2 81.2 56.1 130.5 0 101.8-84.9 184.6-186.6 184.6zm101.2-138.2c-5.5-2.8-32.8-16.2-37.9-18-5.1-1.9-8.8-2.8-12.5 2.8-3.7 5.6-14.3 18-17.6 21.8-3.2 3.7-6.5 4.2-12 1.4-32.6-16.3-54-29.1-75.5-66-5.7-9.8 5.7-9.1 16.3-30.3 1.8-3.7.9-6.9-.5-9.7-1.4-2.8-12.5-30.1-17.1-41.2-4.5-10.8-9.1-9.3-12.5-9.5-3.2-.2-6.9-.2-10.6-.2-3.7 0-9.7 1.4-14.8 6.9-5.1 5.6-19.4 19-19.4 46.3 0 27.3 19.9 53.7 22.6 57.4 2.8 3.7 39.1 59.7 94.8 83.8 35.2 15.2 49 16.5 66.6 13.9 10.7-1.6 32.8-13.4 37.4-26.4 4.6-13 4.6-24.1 3.2-26.4-1.3-2.5-5-3.9-10.5-6.6z\"><\/path><\/svg><\/div><\/span><span class=\"stk-button__inner-text\">WhatsApp<\/span><\/a><\/div>\n\n\n\n<div class=\"wp-block-stackable-button stk-block-button stk-block stk-684b3fc\" data-block-id=\"684b3fc\"><style>.stk-684b3fc .stk-button{background:var(--contrast) !important;border-top-left-radius:28px !important;border-top-right-radius:28px !important;border-bottom-right-radius:28px !important;border-bottom-left-radius:28px !important;}.stk-684b3fc .stk-button__inner-text{font-weight:500 !important;}<\/style><a class=\"stk-link stk-button stk--hover-effect-darken\" href=\"https:\/\/www.instagram.com\/marcinkrokowski_com?utm_source=linkpage&amp;utm_medium=button&amp;utm_campaign=instagram\" title=\"Sehen Sie hinter die Kulissen meiner Arbeit auf Instagram\" target=\"_blank\" rel=\"noreferrer noopener\"><span class=\"stk--svg-wrapper\"><div class=\"stk--inner-svg\"><svg xmlns=\"http:\/\/www.w3.org\/2000\/svg\" viewbox=\"0 0 448 512\" aria-hidden=\"true\" width=\"32\" height=\"32\"><path d=\"M224.1 141c-63.6 0-114.9 51.3-114.9 114.9s51.3 114.9 114.9 114.9S339 319.5 339 255.9 287.7 141 224.1 141zm0 189.6c-41.1 0-74.7-33.5-74.7-74.7s33.5-74.7 74.7-74.7 74.7 33.5 74.7 74.7-33.6 74.7-74.7 74.7zm146.4-194.3c0 14.9-12 26.8-26.8 26.8-14.9 0-26.8-12-26.8-26.8s12-26.8 26.8-26.8 26.8 12 26.8 26.8zm76.1 27.2c-1.7-35.9-9.9-67.7-36.2-93.9-26.2-26.2-58-34.4-93.9-36.2-37-2.1-147.9-2.1-184.9 0-35.8 1.7-67.6 9.9-93.9 36.1s-34.4 58-36.2 93.9c-2.1 37-2.1 147.9 0 184.9 1.7 35.9 9.9 67.7 36.2 93.9s58 34.4 93.9 36.2c37 2.1 147.9 2.1 184.9 0 35.9-1.7 67.7-9.9 93.9-36.2 26.2-26.2 34.4-58 36.2-93.9 2.1-37 2.1-147.8 0-184.8zM398.8 388c-7.8 19.6-22.9 34.7-42.6 42.6-29.5 11.7-99.5 9-132.1 9s-102.7 2.6-132.1-9c-19.6-7.8-34.7-22.9-42.6-42.6-11.7-29.5-9-99.5-9-132.1s-2.6-102.7 9-132.1c7.8-19.6 22.9-34.7 42.6-42.6 29.5-11.7 99.5-9 132.1-9s102.7-2.6 132.1 9c19.6 7.8 34.7 22.9 42.6 42.6 11.7 29.5 9 99.5 9 132.1s2.7 102.7-9 132.1z\"><\/path><\/svg><\/div><\/span><span class=\"stk-button__inner-text\">Instagram<\/span><\/a><\/div>\n\n\n\n<div class=\"wp-block-stackable-button stk-block-button stk-block stk-b5c1c5f\" data-block-id=\"b5c1c5f\"><style>.stk-b5c1c5f .stk-button{background:var(--contrast) !important;border-top-left-radius:28px !important;border-top-right-radius:28px !important;border-bottom-right-radius:28px !important;border-bottom-left-radius:28px !important;}.stk-b5c1c5f .stk-button__inner-text{font-weight:500 !important;}<\/style><a class=\"stk-link stk-button stk--hover-effect-darken\" href=\"https:\/\/www.linkedin.com\/in\/marcin-krokowski\/?utm_source=linkpage&amp;utm_medium=button&amp;utm_campaign=linkedin\" title=\"Verbinden Sie sich mit mir auf LinkedIn\" target=\"_blank\" rel=\"noreferrer noopener\"><span class=\"stk--svg-wrapper\"><div class=\"stk--inner-svg\"><svg xmlns=\"http:\/\/www.w3.org\/2000\/svg\" viewbox=\"0 0 448 512\" aria-hidden=\"true\" width=\"32\" height=\"32\"><path d=\"M416 32H31.9C14.3 32 0 46.5 0 64.3v383.4C0 465.5 14.3 480 31.9 480H416c17.6 0 32-14.5 32-32.3V64.3c0-17.8-14.4-32.3-32-32.3zM135.4 416H69V202.2h66.5V416zm-33.2-243c-21.3 0-38.5-17.3-38.5-38.5S80.9 96 102.2 96c21.2 0 38.5 17.3 38.5 38.5 0 21.3-17.2 38.5-38.5 38.5zm282.1 243h-66.4V312c0-24.8-.5-56.7-34.5-56.7-34.6 0-39.9 27-39.9 54.9V416h-66.4V202.2h63.7v29.2h.9c8.9-16.8 30.6-34.5 62.9-34.5 67.2 0 79.7 44.3 79.7 101.9V416z\"><\/path><\/svg><\/div><\/span><span class=\"stk-button__inner-text\">LinkedIn<\/span><\/a><\/div>\n\n\n\n<div class=\"wp-block-stackable-button stk-block-button stk-block stk-d9ff491\" data-block-id=\"d9ff491\"><style>.stk-d9ff491 .stk-button{background:var(--contrast) !important;border-top-left-radius:28px !important;border-top-right-radius:28px !important;border-bottom-right-radius:28px !important;border-bottom-left-radius:28px !important;}.stk-d9ff491 .stk-button__inner-text{font-weight:500 !important;}<\/style><a class=\"stk-link stk-button stk--hover-effect-darken\" href=\"tel:+48501650433\" title=\"Rufen Sie mich an\" target=\"_blank\" rel=\"noreferrer noopener\"><span class=\"stk--svg-wrapper\"><div class=\"stk--inner-svg\"><svg xmlns=\"http:\/\/www.w3.org\/2000\/svg\" viewbox=\"0 0 512 512\" aria-hidden=\"true\" width=\"32\" height=\"32\"><path d=\"M164.9 24.6c-7.7-18.6-28-28.5-47.4-23.2l-88 24C12.1 30.2 0 46 0 64C0 311.4 200.6 512 448 512c18 0 33.8-12.1 38.6-29.5l24-88c5.3-19.4-4.6-39.7-23.2-47.4l-96-40c-16.3-6.8-35.2-2.1-46.3 11.6L304.7 368C234.3 334.7 177.3 277.7 144 207.3L193.3 167c13.7-11.2 18.4-30 11.6-46.3l-40-96z\"><\/path><\/svg><\/div><\/span><span class=\"stk-button__inner-text\">Rufen Sie  an.<\/span><\/a><\/div>\n\n\n\n<div class=\"wp-block-stackable-button stk-block-button stk-block stk-922c814\" data-block-id=\"922c814\"><style>.stk-922c814 .stk-button{background:var(--88445) !important;border-top-left-radius:28px !important;border-top-right-radius:28px !important;border-bottom-right-radius:28px !important;border-bottom-left-radius:28px !important;}.stk-922c814 .stk-button__inner-text{font-weight:500 !important;}<\/style><a class=\"stk-link stk-button stk--hover-effect-darken\" href=\"https:\/\/marcinkrokowski.com\/vcard?utm_source=linkpage&amp;utm_medium=button&amp;utm_campaign=vcard\" title=\"Meine Visitenkarte herunterladen (vCard)\" target=\"_blank\" rel=\"noreferrer noopener\"><span class=\"stk--svg-wrapper\"><div class=\"stk--inner-svg\"><svg xmlns=\"http:\/\/www.w3.org\/2000\/svg\" viewbox=\"0 0 576 512\" aria-hidden=\"true\" width=\"32\" height=\"32\"><path d=\"M528 160V416c0 8.8-7.2 16-16 16H320c0-44.2-35.8-80-80-80H176c-44.2 0-80 35.8-80 80H64c-8.8 0-16-7.2-16-16V160H528zM64 32C28.7 32 0 60.7 0 96V416c0 35.3 28.7 64 64 64H512c35.3 0 64-28.7 64-64V96c0-35.3-28.7-64-64-64H64zM272 256a64 64 0 1 0 -128 0 64 64 0 1 0 128 0zm104-48c-13.3 0-24 10.7-24 24s10.7 24 24 24h80c13.3 0 24-10.7 24-24s-10.7-24-24-24H376zm0 96c-13.3 0-24 10.7-24 24s10.7 24 24 24h80c13.3 0 24-10.7 24-24s-10.7-24-24-24H376z\"><\/path><\/svg><\/div><\/span><span class=\"stk-button__inner-text\">F\u00fcgen Sie mich zu Ihren Kontakten hinzu<\/span><\/a><\/div>\n<\/div><\/div>\n\n\n\n<div class=\"wp-block-stackable-text stk-block-text stk-block stk-f8fb1a3\" data-block-id=\"f8fb1a3\"><style>.stk-f8fb1a3 {padding-top:20px !important;}<\/style><p class=\"stk-block-text__text has-text-align-center\"><a href=\"mailto:ko*****@*************ki.com\" data-original-string=\"R53cvBsqRAwDuE0nf\/qhXQ==7ee53g6gIk2mphuT02CK+TLHnZTxuw4qfW+\/pHbVwnldKs=\" title=\"Dieser Kontakt wurde von Anti-Spam by CleanTalk verschl\u00fcsselt. Klicken Sie hier, um ihn zu entschl\u00fcsseln. Um die Entschl\u00fcsselung abzuschlie\u00dfen, stellen Sie sicher, dass JavaScript in Ihrem Browser aktiviert ist.\" target=\"_blank\" rel=\"noreferrer noopener\"><span \n                data-original-string='1g\/THeKym7mBmH8Wtwhn3Q==7eeiaKr8TGfHc5eGDAFmQ+iM7MGwWzW6\/EcQkwftVIh1rM='\n                class='apbct-email-encoder'\n                title='Dieser Kontakt wurde von Anti-Spam by CleanTalk verschl\u00fcsselt. Klicken Sie hier, um ihn zu entschl\u00fcsseln. Um die Entschl\u00fcsselung abzuschlie\u00dfen, stellen Sie sicher, dass JavaScript in Ihrem Browser aktiviert ist.'>ko<span class=\"apbct-blur\">*****<\/span>@<span class=\"apbct-blur\">*************<\/span>ki.com<\/span><\/a><\/p><\/div>\n<\/div><\/div><\/div>\n<\/div><\/div>\n\n<p><\/p>\n","protected":false},"excerpt":{"rendered":"<p>Marcin Krokowski Event-Fotograf Warschau und ganz Polen Portfolio Blog Angebot WhatsApp Instagram LinkedIn Rufen Sie an. F\u00fcgen Sie mich zu Ihren Kontakten hinzu ko*****@*************ki.com<\/p>\n","protected":false},"author":1,"featured_media":22144,"parent":0,"menu_order":0,"comment_status":"closed","ping_status":"closed","template":"","meta":{"footnotes":""},"class_list":{"0":"post-22154","1":"page","2":"type-page","3":"status-publish","4":"has-post-thumbnail","6":"infinite-scroll-item"},"featured_image_urls_v2":{"full":["https:\/\/marcinkrokowski.com\/wp-content\/uploads\/2025\/05\/Marcin-Krokowski-Fotograf-Eventowy-z-Warszawy.jpg",1280,720,false],"thumbnail":["https:\/\/marcinkrokowski.com\/wp-content\/uploads\/2025\/05\/Marcin-Krokowski-Fotograf-Eventowy-z-Warszawy-450x253.jpg",450,253,true],"medium":["https:\/\/marcinkrokowski.com\/wp-content\/uploads\/2025\/05\/Marcin-Krokowski-Fotograf-Eventowy-z-Warszawy-900x506.jpg",900,506,true],"medium_large":["https:\/\/marcinkrokowski.com\/wp-content\/uploads\/2025\/05\/Marcin-Krokowski-Fotograf-Eventowy-z-Warszawy-768x432.jpg",768,432,true],"large":["https:\/\/marcinkrokowski.com\/wp-content\/uploads\/2025\/05\/Marcin-Krokowski-Fotograf-Eventowy-z-Warszawy-1200x675.jpg",1200,675,true],"1536x1536":["https:\/\/marcinkrokowski.com\/wp-content\/uploads\/2025\/05\/Marcin-Krokowski-Fotograf-Eventowy-z-Warszawy.jpg",1280,720,false],"2048x2048":["https:\/\/marcinkrokowski.com\/wp-content\/uploads\/2025\/05\/Marcin-Krokowski-Fotograf-Eventowy-z-Warszawy.jpg",1280,720,false],"gform-image-choice-sm":["https:\/\/marcinkrokowski.com\/wp-content\/uploads\/2025\/05\/Marcin-Krokowski-Fotograf-Eventowy-z-Warszawy.jpg",300,169,false],"gform-image-choice-md":["https:\/\/marcinkrokowski.com\/wp-content\/uploads\/2025\/05\/Marcin-Krokowski-Fotograf-Eventowy-z-Warszawy.jpg",400,225,false],"gform-image-choice-lg":["https:\/\/marcinkrokowski.com\/wp-content\/uploads\/2025\/05\/Marcin-Krokowski-Fotograf-Eventowy-z-Warszawy.jpg",600,338,false]},"post_excerpt_stackable_v2":"<p>Marcin Krokowski Event-Fotograf Warschau und ganz Polen Portfolio Blog Angebot WhatsApp Instagram LinkedIn Rufen Sie an. F\u00fcgen Sie mich zu Ihren Kontakten hinzu ko*****@*************ki.com<\/p>\n","category_list_v2":"","author_info_v2":{"name":"Marcin","url":"https:\/\/marcinkrokowski.com\/de\/author\/marcinkompele_k2gxbthi\/"},"comments_num_v2":"0 comments","_links":{"self":[{"href":"https:\/\/marcinkrokowski.com\/de\/wp-json\/wp\/v2\/pages\/22154","targetHints":{"allow":["GET"]}}],"collection":[{"href":"https:\/\/marcinkrokowski.com\/de\/wp-json\/wp\/v2\/pages"}],"about":[{"href":"https:\/\/marcinkrokowski.com\/de\/wp-json\/wp\/v2\/types\/page"}],"author":[{"embeddable":true,"href":"https:\/\/marcinkrokowski.com\/de\/wp-json\/wp\/v2\/users\/1"}],"replies":[{"embeddable":true,"href":"https:\/\/marcinkrokowski.com\/de\/wp-json\/wp\/v2\/comments?post=22154"}],"version-history":[{"count":2,"href":"https:\/\/marcinkrokowski.com\/de\/wp-json\/wp\/v2\/pages\/22154\/revisions"}],"predecessor-version":[{"id":22160,"href":"https:\/\/marcinkrokowski.com\/de\/wp-json\/wp\/v2\/pages\/22154\/revisions\/22160"}],"wp:featuredmedia":[{"embeddable":true,"href":"https:\/\/marcinkrokowski.com\/de\/wp-json\/wp\/v2\/media\/22144"}],"wp:attachment":[{"href":"https:\/\/marcinkrokowski.com\/de\/wp-json\/wp\/v2\/media?parent=22154"}],"curies":[{"name":"wp","href":"https:\/\/api.w.org\/{rel}","templated":true}]}}