{"id":18538,"date":"2023-03-05T22:03:50","date_gmt":"2023-03-05T21:03:50","guid":{"rendered":"https:\/\/marcinkrokowski.com\/bestaetigung-des-kontakts\/"},"modified":"2025-09-04T17:48:25","modified_gmt":"2025-09-04T15:48:25","slug":"bestaetigung-des-kontakts","status":"publish","type":"page","link":"https:\/\/marcinkrokowski.com\/de\/bestaetigung-des-kontakts\/","title":{"rendered":"Best\u00e4tigung des Kontakts"},"content":{"rendered":"\n<div class=\"wp-block-stackable-columns stk-block-columns stk-block stk-d4f4525 stk-entrance\" data-block-id=\"d4f4525\"><style>.stk-d4f4525{transition-duration:0.1s !important;--stk-transition-duration:0.1s !important;--entrance-transform:scale(1.3) !important}<\/style><div class=\"stk-row stk-inner-blocks stk-block-content stk-content-align stk-d4f4525-column\">\n<div class=\"wp-block-stackable-column stk-block-column stk-column stk-block stk-0d5300d\" data-v=\"4\" data-block-id=\"0d5300d\"><div class=\"stk-column-wrapper stk-block-column__content stk-container stk-0d5300d-container stk--no-background stk--no-padding\"><div class=\"stk-block-content stk-inner-blocks stk-0d5300d-inner-blocks\"><div class=\"gb-container gb-container-0ce5c028\"><div class=\"gb-inside-container\">\n\n<div class=\"wp-block-stackable-icon stk-block-icon has-text-align-center stk-block stk-7c43262\" data-block-id=\"7c43262\"><style>.stk-7c43262 .stk--svg-wrapper .stk--inner-svg svg:last-child{height:150px !important;width:150px !important}.stk-7c43262 .stk--svg-wrapper .stk--inner-svg svg:last-child,.stk-7c43262 .stk--svg-wrapper .stk--inner-svg svg:last-child :is(g,path,rect,polygon,ellipse){fill:var(--contrast) !important}<\/style><span class=\"stk--svg-wrapper\"><div class=\"stk--inner-svg\"><svg style=\"height:0;width:0\"><defs><lineargradient id=\"linear-gradient-7c43262\" x1=\"0\" x2=\"100%\" y1=\"0\" y2=\"0\"><stop offset=\"0%\" style=\"stop-opacity:1;stop-color:var(--linear-gradient-7-c-43262-color-1)\"><\/stop><stop offset=\"100%\" style=\"stop-opacity:1;stop-color:var(--linear-gradient-7-c-43262-color-2)\"><\/stop><\/lineargradient><\/defs><\/svg><svg aria-hidden=\"true\" focusable=\"false\" data-prefix=\"far\" data-icon=\"thumbs-up\" class=\"svg-inline--fa fa-thumbs-up fa-w-16\" xmlns=\"http:\/\/www.w3.org\/2000\/svg\" viewbox=\"0 0 512 512\" width=\"32\" height=\"32\"><path fill=\"currentColor\" d=\"M466.27 286.69C475.04 271.84 480 256 480 236.85c0-44.015-37.218-85.58-85.82-85.58H357.7c4.92-12.81 8.85-28.13 8.85-46.54C366.55 31.936 328.86 0 271.28 0c-61.607 0-58.093 94.933-71.76 108.6-22.747 22.747-49.615 66.447-68.76 83.4H32c-17.673 0-32 14.327-32 32v240c0 17.673 14.327 32 32 32h64c14.893 0 27.408-10.174 30.978-23.95 44.509 1.001 75.06 39.94 177.802 39.94 7.22 0 15.22.01 22.22.01 77.117 0 111.986-39.423 112.94-95.33 13.319-18.425 20.299-43.122 17.34-66.99 9.854-18.452 13.664-40.343 8.99-62.99zm-61.75 53.83c12.56 21.13 1.26 49.41-13.94 57.57 7.7 48.78-17.608 65.9-53.12 65.9h-37.82c-71.639 0-118.029-37.82-171.64-37.82V240h10.92c28.36 0 67.98-70.89 94.54-97.46 28.36-28.36 18.91-75.63 37.82-94.54 47.27 0 47.27 32.98 47.27 56.73 0 39.17-28.36 56.72-28.36 94.54h103.99c21.11 0 37.73 18.91 37.82 37.82.09 18.9-12.82 37.81-22.27 37.81 13.489 14.555 16.371 45.236-5.21 65.62zM88 432c0 13.255-10.745 24-24 24s-24-10.745-24-24 10.745-24 24-24 24 10.745 24 24z\"><\/path><\/svg><\/div><\/span><\/div>\n\n\n\n<h2 class=\"gb-headline gb-headline-59d4254a gb-headline-text\">Nachricht gesendet!<\/h2>\n\n<\/div><\/div><\/div><\/div><\/div>\n<\/div><\/div>\n\n<div class=\"wp-block-stackable-columns stk-block-columns stk-block stk-97fb2dd\" data-block-id=\"97fb2dd\"><style>.stk-97fb2dd{max-width:1200px !important;margin-right:auto !important;margin-left:auto !important;transition-duration:0.1s !important;--stk-transition-duration:0.1s !important}<\/style><div class=\"stk-row stk-inner-blocks stk-block-content stk-content-align stk-97fb2dd-column\">\n<div class=\"wp-block-stackable-column stk-block-column stk-column stk-block stk-2acb22f\" data-v=\"4\" data-block-id=\"2acb22f\"><div class=\"stk-column-wrapper stk-block-column__content stk-container stk-2acb22f-container stk--no-background stk--no-padding\"><div class=\"stk-block-content stk-inner-blocks stk-2acb22f-inner-blocks\">\n<div class=\"wp-block-stackable-heading stk-block-heading stk-block-heading--v2 stk-block stk-f25d433 stk-entrance\" id=\"zobacz-rowniez\" data-block-id=\"f25d433\"><style>.stk-f25d433{padding-top:120px !important;transition-duration:0.15s !important;--stk-transition-duration:0.15s !important;transition-timing-function:ease-in !important}.stk-f25d433 .stk-block-heading__bottom-line{height:5px !important;width:200px !important;background-color:var(u002du002d88445) !important;margin-top:15px !important;margin-left:auto !important;margin-right:auto !important}@media screen and (max-width:1023px){.stk-f25d433:hover{padding-top:40px !important}}<\/style><h2 class=\"stk-block-heading__text has-text-align-center stk-block-heading--use-theme-margins\">Siehe auch<\/h2><div class=\"stk-block-heading__bottom-line\"><\/div><\/div>\n\n\n\n<div class=\"wp-block-stackable-posts stk-block-posts stk-block stk-e6d6322 is-style-portfolio\" data-v=\"2\" data-block-id=\"e6d6322\"><style>.stk-e6d6322{align-items:center !important;margin-top:40px !important;margin-bottom:80px !important;display:flex !important;transition-duration:0.34s !important;--stk-transition-duration:0.34s !important;transition-timing-function:ease !important;--stk-columns:3 !important;--stk-column-gap:20px !important}.stk-e6d6322-container{align-items:center !important;padding-top:40px !important;padding-right:10px !important;padding-bottom:40px !important;padding-left:10px !important;display:flex !important}.stk-e6d6322 .stk-img-wrapper{width:100% !important;filter:drop-shadow(none) !important;--stk-gradient-overlay:0.4 !important}.stk-e6d6322 .stk-img-wrapper:hover img{filter:brightness(0.8) !important;transform:scale(1.1) !important}.stk-e6d6322 .stk-img-wrapper::after{background-color:var(u002du002dcontrast) !important}.stk-e6d6322 .stk-img-wrapper:hover::after{background-color:var(u002du002dcontrast) !important}.stk-e6d6322 .stk-img-wrapper::before{--stk-gradient-overlay:1 !important}.stk-e6d6322 .stk-block-posts__title a{font-size:23px !important;color:#FFFFFF !important;font-weight:600 !important;text-transform:uppercase !important}.stk-e6d6322 .stk-block-posts__category a{color:#FFFFFF !important}.stk-e6d6322 .stk-block-posts__excerpt p{color:#FFFFFF !important}.stk-e6d6322 .stk-block-posts__meta{color:#2091e1 !important}.stk-e6d6322 .stk-block-posts__readmore{color:#FFFFFF !important}@media screen and (max-width:1023px){.stk-e6d6322 .stk-block-posts__title a{font-size:23px !important}.stk-e6d6322{--stk-column-gap:0px !important}}@media screen and (max-width:767px){.stk-e6d6322 .stk-block-posts__items{row-gap:0px !important}.stk-e6d6322{--stk-columns:1 !important}}<\/style><div class=\"stk-inner-blocks stk-content-align stk-e6d6322-column\"><div class=\"stk-block-posts__items\"><div class=\"stk-block-posts__item\"><div class=\"stk-container stk-e6d6322-container stk--no-background stk--no-padding\"><article class=\"stk-container-padding\"><h3 class=\"stk-block-posts__title has-text-align-center has-text-color has-white-color\"><a href=\"https:\/\/marcinkrokowski.com\/de\/wie-fotografiert-man-ein-ereignis-gut\/\">Wie fotografiert man ein Ereignis gut?<\/a><\/h3><\/article><\/div><\/div><div class=\"stk-block-posts__item\"><div class=\"stk-container stk-e6d6322-container stk--no-background stk--no-padding\"><article class=\"stk-container-padding\"><figure class=\"stk-img-wrapper\"><img loading=\"lazy\" decoding=\"async\" width=\"450\" height=\"300\" src=\"https:\/\/marcinkrokowski.com\/wp-content\/uploads\/2022\/04\/fotorelacja-z-konferencji-10-ujec-7-450x300.jpg\" class=\"attachment-thumbnail size-thumbnail wp-post-image\" alt=\"Konferenz-Fotobericht - 10 Aufnahmen, die es wert sind, gemacht zu werden\" srcset=\"https:\/\/marcinkrokowski.com\/wp-content\/uploads\/2022\/04\/fotorelacja-z-konferencji-10-ujec-7-450x300.jpg 450w, https:\/\/marcinkrokowski.com\/wp-content\/uploads\/2022\/04\/fotorelacja-z-konferencji-10-ujec-7-900x600.jpg 900w, https:\/\/marcinkrokowski.com\/wp-content\/uploads\/2022\/04\/fotorelacja-z-konferencji-10-ujec-7-1200x801.jpg 1200w, https:\/\/marcinkrokowski.com\/wp-content\/uploads\/2022\/04\/fotorelacja-z-konferencji-10-ujec-7.jpg 1920w\" sizes=\"auto, (max-width: 450px) 100vw, 450px\" title=\"\"><\/figure><h3 class=\"stk-block-posts__title has-text-align-center has-text-color has-white-color\"><a href=\"https:\/\/marcinkrokowski.com\/de\/konferenz-fotobericht-10-aufnahmen-die-es-wert-sind-gemacht-zu-werden\/\">Konferenz-Fotobericht &#8211; 10 Aufnahmen, die es wert sind, gemacht zu werden<\/a><\/h3><\/article><\/div><\/div><div class=\"stk-block-posts__item\"><div class=\"stk-container stk-e6d6322-container stk--no-background stk--no-padding\"><article class=\"stk-container-padding\"><figure class=\"stk-img-wrapper\"><img loading=\"lazy\" decoding=\"async\" width=\"450\" height=\"300\" src=\"https:\/\/marcinkrokowski.com\/wp-content\/uploads\/2024\/08\/podroz-do-wiednia-austria-zwierdzanie-fuji-X100VI-152-450x300.jpg\" class=\"attachment-thumbnail size-thumbnail wp-post-image\" alt=\"Ein imposantes, verziertes Geb\u00e4ude mit B\u00f6gen und komplizierten Details steht auf einer erh\u00f6hten Plattform neben einem gro\u00dfen reflektierenden Teich. Umgeben von Gr\u00fcn und Skulpturen zeigt das Geb\u00e4ude die Sch\u00f6nheit, die es bei einer Reise nach Wien zu entdecken gibt. Der bedeckte Himmel dar\u00fcber wirft subtile Reflexionen auf das ruhige Wasser darunter.\" srcset=\"https:\/\/marcinkrokowski.com\/wp-content\/uploads\/2024\/08\/podroz-do-wiednia-austria-zwierdzanie-fuji-X100VI-152-450x300.jpg 450w, https:\/\/marcinkrokowski.com\/wp-content\/uploads\/2024\/08\/podroz-do-wiednia-austria-zwierdzanie-fuji-X100VI-152-900x600.jpg 900w, https:\/\/marcinkrokowski.com\/wp-content\/uploads\/2024\/08\/podroz-do-wiednia-austria-zwierdzanie-fuji-X100VI-152-1200x800.jpg 1200w, https:\/\/marcinkrokowski.com\/wp-content\/uploads\/2024\/08\/podroz-do-wiednia-austria-zwierdzanie-fuji-X100VI-152-768x512.jpg 768w, https:\/\/marcinkrokowski.com\/wp-content\/uploads\/2024\/08\/podroz-do-wiednia-austria-zwierdzanie-fuji-X100VI-152-1536x1024.jpg 1536w, https:\/\/marcinkrokowski.com\/wp-content\/uploads\/2024\/08\/podroz-do-wiednia-austria-zwierdzanie-fuji-X100VI-152.jpg 1920w\" sizes=\"auto, (max-width: 450px) 100vw, 450px\" title=\"\"><\/figure><h3 class=\"stk-block-posts__title has-text-align-center has-text-color has-white-color\"><a href=\"https:\/\/marcinkrokowski.com\/de\/eine-reise-nach-wien-eine-stadt-fuer-alte-leute\/\">Eine Reise nach Wien &#8211; eine Stadt f\u00fcr alte Leute?<\/a><\/h3><\/article><\/div><\/div><\/div><div class=\"stk-inner-blocks\"><\/div><\/div><\/div>\n<\/div><\/div><\/div>\n<\/div><\/div>\n","protected":false},"excerpt":{"rendered":"<p>Nachricht gesendet! Siehe auch Essen auf R\u00e4dern im Nationalstadion Warum ist ein Fotograf pro Veranstaltung manchmal nicht genug? Welche Arten von Konferenzen gibt es?<\/p>\n","protected":false},"author":1,"featured_media":0,"parent":0,"menu_order":0,"comment_status":"closed","ping_status":"closed","template":"","meta":{"footnotes":""},"class_list":{"0":"post-18538","1":"page","2":"type-page","3":"status-publish","5":"infinite-scroll-item"},"featured_image_urls_v2":{"full":"","thumbnail":"","medium":"","medium_large":"","large":"","1536x1536":"","2048x2048":"","gform-image-choice-sm":"","gform-image-choice-md":"","gform-image-choice-lg":""},"post_excerpt_stackable_v2":"<p>Nachricht gesendet! Siehe auch Wie fangen Sie an, Messen zu fotografieren?Die interessantesten Attraktionen f\u00fcr ein FirmeneventFotografieren von Banketten: Wie Sie die 10 h\u00e4ufigsten Fehler vermeiden<\/p>\n","category_list_v2":"","author_info_v2":{"name":"Marcin","url":"https:\/\/marcinkrokowski.com\/de\/author\/marcinkompele_k2gxbthi\/"},"comments_num_v2":"0 comments","_links":{"self":[{"href":"https:\/\/marcinkrokowski.com\/de\/wp-json\/wp\/v2\/pages\/18538","targetHints":{"allow":["GET"]}}],"collection":[{"href":"https:\/\/marcinkrokowski.com\/de\/wp-json\/wp\/v2\/pages"}],"about":[{"href":"https:\/\/marcinkrokowski.com\/de\/wp-json\/wp\/v2\/types\/page"}],"author":[{"embeddable":true,"href":"https:\/\/marcinkrokowski.com\/de\/wp-json\/wp\/v2\/users\/1"}],"replies":[{"embeddable":true,"href":"https:\/\/marcinkrokowski.com\/de\/wp-json\/wp\/v2\/comments?post=18538"}],"version-history":[{"count":1,"href":"https:\/\/marcinkrokowski.com\/de\/wp-json\/wp\/v2\/pages\/18538\/revisions"}],"predecessor-version":[{"id":18540,"href":"https:\/\/marcinkrokowski.com\/de\/wp-json\/wp\/v2\/pages\/18538\/revisions\/18540"}],"wp:attachment":[{"href":"https:\/\/marcinkrokowski.com\/de\/wp-json\/wp\/v2\/media?parent=18538"}],"curies":[{"name":"wp","href":"https:\/\/api.w.org\/{rel}","templated":true}]}}