{"id":18532,"date":"2023-02-17T22:29:20","date_gmt":"2023-02-17T21:29:20","guid":{"rendered":"https:\/\/marcinkrokowski.com\/lageplan\/"},"modified":"2025-09-04T17:48:25","modified_gmt":"2025-09-04T15:48:25","slug":"lageplan","status":"publish","type":"page","link":"https:\/\/marcinkrokowski.com\/de\/lageplan\/","title":{"rendered":"Lageplan"},"content":{"rendered":"\n<figure class=\"wp-block-image size-large\"><img loading=\"lazy\" decoding=\"async\" width=\"1200\" height=\"800\" src=\"https:\/\/marcinkrokowski.com\/wp-content\/uploads\/2023\/02\/Fotorelacja-z-konferencji-BLISKO-w-Gdyni-27-1200x800.jpg\" alt=\"Eine Kartentafel mit verschiedenen farbigen Markierungen, Symbolen und handschriftlichen Notizen aus einem Fotobericht &#xFC;ber das Ereignis. Blaue und orangefarbene Kreise zeigen verschiedene Orte, Nummern und Bezeichnungen an. Die Handschrift umfasst Ortsnamen und Kritzeleien, darunter ein Smiley-Gesicht und ein Herz um Myslenice.  \" class=\"wp-image-8079\" title=\"\" srcset=\"https:\/\/marcinkrokowski.com\/wp-content\/uploads\/2023\/02\/Fotorelacja-z-konferencji-BLISKO-w-Gdyni-27-1200x800.jpg 1200w, https:\/\/marcinkrokowski.com\/wp-content\/uploads\/2023\/02\/Fotorelacja-z-konferencji-BLISKO-w-Gdyni-27-900x600.jpg 900w, https:\/\/marcinkrokowski.com\/wp-content\/uploads\/2023\/02\/Fotorelacja-z-konferencji-BLISKO-w-Gdyni-27-450x300.jpg 450w, https:\/\/marcinkrokowski.com\/wp-content\/uploads\/2023\/02\/Fotorelacja-z-konferencji-BLISKO-w-Gdyni-27.jpg 1920w\" sizes=\"auto, (max-width: 1200px) 100vw, 1200px\" \/><\/figure>\n\n<h2 class=\"wp-block-heading\">Website-Karte marcinkrokowski.com<\/h2>\n\n<p>Hier finden Sie eine vollst\u00e4ndige Liste aller Seiten, Eintr\u00e4ge, Portfolios und Kategorien, die auf unserer Website verf\u00fcgbar sind. Die Site Map ist der perfekte Ort, um schnell und einfach die Inhalte zu finden, die Sie interessieren. Ob Sie nun Informationen \u00fcber meine Arbeit als Eventfotograf suchen, mein <a href=\"https:\/\/marcinkrokowski.com\/portfolio\/\" data-type=\"link\" data-id=\"https:\/\/marcinkrokowski.com\/portfolio\/\"><strong>Portfolio<\/strong><\/a>oder Sie suchen eine spezielle fotografische Beratung &#8211; dieser Abschnitt hilft Ihnen, sich einen \u00dcberblick \u00fcber die Struktur der Website zu verschaffen, und f\u00fchrt Sie zu den relevanten Inhalten.  <\/p>\n\n<p>Ich m\u00f6chte Sie ermutigen, alles zu entdecken, was ich zu bieten habe!<\/p>\n\n<div style=\"height:60px\" aria-hidden=\"true\" class=\"wp-block-spacer\"><\/div>\n","protected":false},"excerpt":{"rendered":"<p>Website-Karte marcinkrokowski.com Hier finden Sie eine vollst\u00e4ndige Liste aller Seiten, Eintr\u00e4ge, Portfolios und Kategorien, die auf unserer Website verf\u00fcgbar sind. Die Site Map ist der<\/p>\n","protected":false},"author":1,"featured_media":18533,"parent":0,"menu_order":0,"comment_status":"closed","ping_status":"closed","template":"","meta":{"footnotes":""},"class_list":{"0":"post-18532","1":"page","2":"type-page","3":"status-publish","4":"has-post-thumbnail","6":"infinite-scroll-item"},"featured_image_urls_v2":{"full":["https:\/\/marcinkrokowski.com\/wp-content\/uploads\/2023\/02\/muzuem-003.jpg",1920,1280,false],"thumbnail":["https:\/\/marcinkrokowski.com\/wp-content\/uploads\/2023\/02\/muzuem-003-450x300.jpg",450,300,true],"medium":["https:\/\/marcinkrokowski.com\/wp-content\/uploads\/2023\/02\/muzuem-003-900x600.jpg",900,600,true],"medium_large":["https:\/\/marcinkrokowski.com\/wp-content\/uploads\/2023\/02\/muzuem-003.jpg",768,512,false],"large":["https:\/\/marcinkrokowski.com\/wp-content\/uploads\/2023\/02\/muzuem-003-1200x800.jpg",1200,800,true],"1536x1536":["https:\/\/marcinkrokowski.com\/wp-content\/uploads\/2023\/02\/muzuem-003.jpg",1536,1024,false],"2048x2048":["https:\/\/marcinkrokowski.com\/wp-content\/uploads\/2023\/02\/muzuem-003.jpg",1920,1280,false],"gform-image-choice-sm":["https:\/\/marcinkrokowski.com\/wp-content\/uploads\/2023\/02\/muzuem-003.jpg",300,200,false],"gform-image-choice-md":["https:\/\/marcinkrokowski.com\/wp-content\/uploads\/2023\/02\/muzuem-003.jpg",400,267,false],"gform-image-choice-lg":["https:\/\/marcinkrokowski.com\/wp-content\/uploads\/2023\/02\/muzuem-003.jpg",600,400,false]},"post_excerpt_stackable_v2":"<p>Website-Karte marcinkrokowski.com Hier finden Sie eine vollst\u00e4ndige Liste aller Seiten, Eintr\u00e4ge, Portfolios und Kategorien, die auf unserer Website verf\u00fcgbar sind. Die Site Map ist der perfekte Ort, um schnell und einfach die Inhalte zu finden, die Sie interessieren. Ob Sie nun Informationen \u00fcber meine Arbeit als Eventfotograf suchen, mein Portfoliooder Sie suchen eine spezielle fotografische Beratung &#8211; dieser Abschnitt hilft Ihnen, sich einen \u00dcberblick \u00fcber die Struktur der Website zu verschaffen, und f\u00fchrt Sie zu den relevanten Inhalten. Ich m\u00f6chte Sie ermutigen, alles zu entdecken, was ich zu bieten habe!<\/p>\n","category_list_v2":"","author_info_v2":{"name":"Marcin","url":"https:\/\/marcinkrokowski.com\/de\/author\/marcinkompele_k2gxbthi\/"},"comments_num_v2":"0 comments","_links":{"self":[{"href":"https:\/\/marcinkrokowski.com\/de\/wp-json\/wp\/v2\/pages\/18532","targetHints":{"allow":["GET"]}}],"collection":[{"href":"https:\/\/marcinkrokowski.com\/de\/wp-json\/wp\/v2\/pages"}],"about":[{"href":"https:\/\/marcinkrokowski.com\/de\/wp-json\/wp\/v2\/types\/page"}],"author":[{"embeddable":true,"href":"https:\/\/marcinkrokowski.com\/de\/wp-json\/wp\/v2\/users\/1"}],"replies":[{"embeddable":true,"href":"https:\/\/marcinkrokowski.com\/de\/wp-json\/wp\/v2\/comments?post=18532"}],"version-history":[{"count":1,"href":"https:\/\/marcinkrokowski.com\/de\/wp-json\/wp\/v2\/pages\/18532\/revisions"}],"predecessor-version":[{"id":18537,"href":"https:\/\/marcinkrokowski.com\/de\/wp-json\/wp\/v2\/pages\/18532\/revisions\/18537"}],"wp:featuredmedia":[{"embeddable":true,"href":"https:\/\/marcinkrokowski.com\/de\/wp-json\/wp\/v2\/media\/18533"}],"wp:attachment":[{"href":"https:\/\/marcinkrokowski.com\/de\/wp-json\/wp\/v2\/media?parent=18532"}],"curies":[{"name":"wp","href":"https:\/\/api.w.org\/{rel}","templated":true}]}}