{"id":18513,"date":"2020-02-15T17:35:38","date_gmt":"2020-02-15T16:35:38","guid":{"rendered":"https:\/\/marcinkrokowski.com\/ueber-mich\/"},"modified":"2025-12-31T18:58:20","modified_gmt":"2025-12-31T17:58:20","slug":"ueber-mich","status":"publish","type":"page","link":"https:\/\/marcinkrokowski.com\/de\/ueber-mich\/","title":{"rendered":"\u00dcber mich"},"content":{"rendered":"\n<div class=\"wp-block-stackable-columns stk-block-columns stk-block stk-a38fa7f\" data-block-id=\"a38fa7f\"><style>.stk-a38fa7f .stk--block-align-a38fa7f{align-items:center !important;}.stk-a38fa7f {margin-top:80px !important;}.stk-a38fa7f-column{max-width:1600px !important;min-width:auto !important;}<\/style><div class=\"stk-row stk-inner-blocks stk--block-align-a38fa7f stk-block-content stk-content-align stk-a38fa7f-column\">\n<div class=\"wp-block-stackable-column stk-block-column stk-column stk-block stk-789441a\" data-v=\"4\" data-block-id=\"789441a\"><style>.stk-789441a {right:-40px !important;}<\/style><div class=\"stk-column-wrapper stk-block-column__content stk-container stk-789441a-container stk--no-background stk--no-padding\"><div class=\"stk-block-content stk-inner-blocks stk-789441a-inner-blocks\">\n<div class=\"wp-block-stackable-heading stk-block-heading stk-block-heading--v2 stk-block stk-ae9dd6e\" id=\"span-style-color-var-base-3-background-color-var-contrast-class-stk-highlight-eventfotograf-span-br-span-style-color-var-base-3-background-color-var-contrast-class-stk-highlight-marcin-krokowski-span-br-span-style-color-var-base-3-background-color-var-contrast-class-stk-highlight-freiberufler-reisender-und-blogger-span\" data-block-id=\"ae9dd6e\"><style>.stk-ae9dd6e .stk-block-heading__text{line-height:1.6em !important;}<\/style><h1 class=\"stk-block-heading__text\"><span style=\"color: var(--base-3);background-color: var(--contrast)\" class=\"stk-highlight\">Eventfotograf<\/span><br><span style=\"color: var(--base-3);background-color: var(--contrast)\" class=\"stk-highlight\">Marcin Krokowski,<\/span><br><span style=\"color: var(--base-3);background-color: var(--contrast)\" class=\"stk-highlight\">Freiberufler, Reisender und Blogger<\/span><\/h1><\/div>\n<\/div><\/div><\/div>\n\n\n\n<div class=\"wp-block-stackable-column stk-block-column stk-column stk-block stk-b785c22 stk-block-background stk--has-background-overlay\" data-v=\"4\" data-block-id=\"b785c22\"><style>.stk-b785c22-container{margin-top:0px !important;margin-right:0px !important;margin-bottom:0px !important;margin-left:0px !important;min-height:500px !important;}.stk-b785c22-inner-blocks{row-gap:0px !important;}.stk-b785c22 {background-image:url(https:\/\/marcinkrokowski.com\/wp-content\/uploads\/2022\/03\/Marcin-Krokowski-fotograf-eventowy-freelancer-podroznik-bloger.jpg) !important;margin-left:-300px !important;opacity:0.7 !important;z-index:0 !important;}.stk-b785c22:before{opacity:0 !important;}<\/style><div class=\"stk-column-wrapper stk-block-column__content stk-container stk-b785c22-container stk--no-background stk--no-padding\"><div class=\"stk-block-content stk-inner-blocks stk-b785c22-inner-blocks\"><\/div><\/div><\/div>\n<\/div><\/div>\n\n\n<div class=\"gb-container gb-container-6843ef51\"><div class=\"gb-inside-container\">\n<div class=\"gb-grid-wrapper gb-grid-wrapper-618c085f\">\n<div class=\"gb-grid-column gb-grid-column-647dec8e\"><div class=\"gb-container gb-container-647dec8e\"><div class=\"gb-inside-container\">\n\n<h2 class=\"gb-headline gb-headline-3a34daf2 gb-headline-text\">\u00dcber mich<\/h2>\n\n\n\n<h3 class=\"gb-headline gb-headline-537648c3 gb-headline-text\">Eventfotograf Marcin Krokowski<\/h3>\n\n\n\n<p class=\"has-text-align-justify\">Ich werde hier nicht schreiben, dass ich seit meiner Kindheit eine Kamera in den H\u00e4nden halte. Ich habe eine auf dem Dachboden gefunden und seitdem ist die Fotografie zu meiner gr\u00f6\u00dften Leidenschaft geworden. Ich bin kein Philosoph der Fotografie und ich gebe mich nicht als K\u00fcnstler aus. <\/p>\n\n\n\n<p class=\"has-text-align-justify\">Ich liebe die Fotografie. Es kommt wirklich gut heraus und die Befriedigung, den richtigen Moment eingefangen zu haben, ist etwas, das mich antreibt. Ich begann damit, Freunde, Models und verlassene Orte zu fotografieren, und dann begann die Kamera, mich \u00fcberallhin zu begleiten. Ich habe buchst\u00e4blich alles fotografiert &#8211; und das hat mich bis heute nicht losgelassen.   <\/p>\n\n<\/div><\/div><\/div>\n\n<div class=\"gb-grid-column gb-grid-column-fa51933b\"><div class=\"gb-container gb-container-fa51933b\"><div class=\"gb-inside-container\">\n\n<figure class=\"wp-block-image size-full\"><img loading=\"lazy\" decoding=\"async\" width=\"400\" height=\"604\" src=\"https:\/\/marcinkrokowski.com\/wp-content\/uploads\/2023\/11\/marcin-krokowski-fotograf-eventowy-warszawa-aula-polska.jpg\" alt=\"Eventfotograf Marcin Krokowski Warschau mit der Kamera im Auge\" class=\"wp-image-9881\" title=\"\"><\/figure>\n\n<\/div><\/div><\/div>\n\n<div class=\"gb-grid-column gb-grid-column-6f6ff693\"><div class=\"gb-container gb-container-6f6ff693\"><div class=\"gb-inside-container\">\n\n<figure class=\"wp-block-image size-medium\"><img loading=\"lazy\" decoding=\"async\" width=\"900\" height=\"1350\" src=\"https:\/\/marcinkrokowski.com\/wp-content\/uploads\/2024\/08\/podroz-do-wiednia-austria-zwierdzanie-fuji-X100VI-97-900x1350.jpg\" alt=\"Eine Person, die ein bunt gemustertes Hemd tr\u00e4gt, fotografiert in einem Gesch\u00e4ft voller bunter Keramikgegenst\u00e4nde, darunter Vasen und Tassen, die mit Hausmotiven verziert sind. Im Hintergrund sehen sich zwei Personen die ausgestellten Objekte an. Das Gesch\u00e4ft hat eine helle Deckenbeleuchtung.  \" class=\"wp-image-10356\" title=\"\" srcset=\"https:\/\/marcinkrokowski.com\/wp-content\/uploads\/2024\/08\/podroz-do-wiednia-austria-zwierdzanie-fuji-X100VI-97-900x1350.jpg 900w, https:\/\/marcinkrokowski.com\/wp-content\/uploads\/2024\/08\/podroz-do-wiednia-austria-zwierdzanie-fuji-X100VI-97-1200x1800.jpg 1200w, https:\/\/marcinkrokowski.com\/wp-content\/uploads\/2024\/08\/podroz-do-wiednia-austria-zwierdzanie-fuji-X100VI-97-450x675.jpg 450w, https:\/\/marcinkrokowski.com\/wp-content\/uploads\/2024\/08\/podroz-do-wiednia-austria-zwierdzanie-fuji-X100VI-97-768x1152.jpg 768w, https:\/\/marcinkrokowski.com\/wp-content\/uploads\/2024\/08\/podroz-do-wiednia-austria-zwierdzanie-fuji-X100VI-97-1024x1536.jpg 1024w, https:\/\/marcinkrokowski.com\/wp-content\/uploads\/2024\/08\/podroz-do-wiednia-austria-zwierdzanie-fuji-X100VI-97.jpg 1280w\" sizes=\"auto, (max-width: 900px) 100vw, 900px\" \/><\/figure>\n\n<\/div><\/div><\/div>\n\n<div class=\"gb-grid-column gb-grid-column-9e436ae7\"><div class=\"gb-container gb-container-9e436ae7\"><div class=\"gb-inside-container\">\n\n<h4 class=\"wp-block-heading\">Meine Leidenschaften und Interessen<\/h4>\n\n\n\n<p>Abgesehen vom Reisen (am liebsten so weit weg wie m\u00f6glich und mit meiner Kamera \ud83d\udcf8) habe ich mich immer fit und gesund gehalten &#8211; Krafttraining, Cardio, Laufen und in letzter Zeit Squash und Paddle Boarding. Fr\u00fcher habe ich sogar C&#8217;walk getanzt, weil ich gerne neue F\u00e4higkeiten lerne. <\/p>\n\n\n\n<p>Ich interessiere mich f\u00fcr neue Technologien &#8211; nicht nur in der Fotografie, sondern auch im t\u00e4glichen Leben. Vor allem, wenn sie mir die Arbeit oder den Alltag erleichtern.   <strong>Ich sehe KI als ein Werkzeug, nicht als eine Bedrohung.<\/strong>  Ich lese viel und bilde mich st\u00e4ndig weiter, sowohl in fotografischen als auch in gesch\u00e4ftlichen Themen. Die Liste der Kurse, die ich begonnen habe, und der B\u00fccher, die darauf warten, gelesen zu werden, ist bereits lang. <\/p>\n\n<\/div><\/div><\/div>\n\n<div class=\"gb-grid-column gb-grid-column-040c6693\"><div class=\"gb-container gb-container-040c6693\"><div class=\"gb-inside-container\">\n\n<h4 class=\"gb-headline gb-headline-2ed2f216 gb-headline-text\">Wie hat mein Abenteuer in der Eventfotografie begonnen?<\/h4>\n\n\n\n<p class=\"has-text-align-justify\">Ich studierte f\u00fcr einen Abschluss in Werbeorganisation. Zur gleichen Zeit besuchte ich zusammen mit einem Kommilitonen und manchmal auch allein verschiedene Partys und Veranstaltungen mit nur einer Kamera, einem Objektiv und einem Blitz. Ich habe Veranstaltungen in Clubs meiner Wahl fotografiert &#8211; Snowboard-Wettbewerbe (im Garten des Clubs), Tanzpartys (ich habe auch selbst getanzt) und andere Events.  <\/p>\n\n\n\n<p class=\"has-text-align-justify\">Mit der Zeit baten mich Veranstalter, Fotostorys zu erstellen, die sie zur Werbung f\u00fcr ihre Veranstaltungen verwenden konnten. Damals betrachtete ich das als Hobby &#8211; ich hatte nicht erwartet, dass die Eventfotografie zu meinem Beruf werden w\u00fcrde. <\/p>\n\n<\/div><\/div><\/div>\n\n<div class=\"gb-grid-column gb-grid-column-6ab02abc\"><div class=\"gb-container gb-container-6ab02abc\"><div class=\"gb-inside-container\">\n\n<figure class=\"wp-block-image size-medium\"><img loading=\"lazy\" decoding=\"async\" width=\"900\" height=\"600\" src=\"https:\/\/marcinkrokowski.com\/wp-content\/uploads\/2023\/03\/fotorelacja-z-konferencji-prasowej-kultura-35-900x600.jpg\" alt=\"Eine Frau in einem wei\u00dfen Anzug und mit Brille sitzt auf einem Stuhl und l\u00e4chelt, w\u00e4hrend im Vordergrund eine undeutliche Gestalt in ein Mikrofon spricht. Im Hintergrund sind Banner mit polnischem Text zu sehen, die f\u00fcr ein Kunst- und Musikfestival werben. Das Bild wurde von dem Eventfotografen Marcin Krokowski aufgenommen. \" class=\"wp-image-9549\" title=\"\" srcset=\"https:\/\/marcinkrokowski.com\/wp-content\/uploads\/2023\/03\/fotorelacja-z-konferencji-prasowej-kultura-35-900x600.jpg 900w, https:\/\/marcinkrokowski.com\/wp-content\/uploads\/2023\/03\/fotorelacja-z-konferencji-prasowej-kultura-35-1200x800.jpg 1200w, https:\/\/marcinkrokowski.com\/wp-content\/uploads\/2023\/03\/fotorelacja-z-konferencji-prasowej-kultura-35-450x300.jpg 450w, https:\/\/marcinkrokowski.com\/wp-content\/uploads\/2023\/03\/fotorelacja-z-konferencji-prasowej-kultura-35-768x512.jpg 768w, https:\/\/marcinkrokowski.com\/wp-content\/uploads\/2023\/03\/fotorelacja-z-konferencji-prasowej-kultura-35-1536x1024.jpg 1536w, https:\/\/marcinkrokowski.com\/wp-content\/uploads\/2023\/03\/fotorelacja-z-konferencji-prasowej-kultura-35.jpg 1920w\" sizes=\"auto, (max-width: 900px) 100vw, 900px\" \/><\/figure>\n\n<\/div><\/div><\/div>\n\n<div class=\"gb-grid-column gb-grid-column-cab6df5a\"><div class=\"gb-container gb-container-cab6df5a\"><div class=\"gb-inside-container\">\n\n<figure class=\"wp-block-image size-large\"><img loading=\"lazy\" decoding=\"async\" width=\"1200\" height=\"800\" src=\"https:\/\/marcinkrokowski.com\/wp-content\/uploads\/2023\/02\/Fotorelacja-z-konferencji-BLISKO-w-Gdyni-154-1200x800.jpg\" alt=\"Der Redner steht auf einer B\u00fchne und tritt vor einem Publikum in einem Theater auf. Hinter ihnen wird eine Pr\u00e4sentationsfolie mit dem Titel &#039;Third Place Good Practice&#039; auf eine gro\u00dfe Leinwand projiziert. Ein paar leere t\u00fcrkisfarbene St\u00fchle sind auf der B\u00fchne aufgestellt. Das Publikum sitzt und ist konzentriert, so wie es der Eventfotograf warszawa eingefangen hat.   \" class=\"wp-image-8206\" title=\"\" srcset=\"https:\/\/marcinkrokowski.com\/wp-content\/uploads\/2023\/02\/Fotorelacja-z-konferencji-BLISKO-w-Gdyni-154-1200x800.jpg 1200w, https:\/\/marcinkrokowski.com\/wp-content\/uploads\/2023\/02\/Fotorelacja-z-konferencji-BLISKO-w-Gdyni-154-900x600.jpg 900w, https:\/\/marcinkrokowski.com\/wp-content\/uploads\/2023\/02\/Fotorelacja-z-konferencji-BLISKO-w-Gdyni-154-450x300.jpg 450w, https:\/\/marcinkrokowski.com\/wp-content\/uploads\/2023\/02\/Fotorelacja-z-konferencji-BLISKO-w-Gdyni-154.jpg 1920w\" sizes=\"auto, (max-width: 1200px) 100vw, 1200px\" \/><\/figure>\n\n<\/div><\/div><\/div>\n\n<div class=\"gb-grid-column gb-grid-column-48228294\"><div class=\"gb-container gb-container-48228294\"><div class=\"gb-inside-container\">\n\n<h4 class=\"gb-headline gb-headline-e9690b93 gb-headline-text\">Was f\u00fcr ein Fotograf bin ich heute?<\/h4>\n\n\n\n<p class=\"has-text-align-justify\">Ich bin seit \u00fcber <strong>13 Jahren<\/strong> in der Veranstaltungsbranche t\u00e4tig. Ich fotografiere Veranstaltungen f\u00fcr internationale Marken, lokale Unternehmen sowie kleinere, intime Events.   <strong>Ich f\u00fchle mich bei Reportagen am wohlsten.<\/strong>  Ich genie\u00dfe die Herausforderung und habe in fast jeder Umgebung gearbeitet &#8211; von eleganten Galas bis hin zu dynamischen Sportveranstaltungen.<\/p>\n\n\n\n<p class=\"has-text-align-justify\">Au\u00dferhalb der Arbeit nehme ich gerne meine Kamera (oder zumindest mein Telefon) mit auf Reisen. Ich mag es, neue Orte auf eine nicht offensichtliche Art und Weise zu zeigen &#8211; wenn ich wie jeder andere ein Foto machen muss, ziehe ich es vor, die Aussicht einfach mit meinen eigenen Augen zu genie\u00dfen. Vielleicht habe ich deshalb kein &#8218;Instagram&#8216;-Konto, sondern einen Blog <strong><a href=\"https:\/\/urbanflavour.pl\/\" target=\"_blank\" rel=\"noopener\">Urbanflavour.co.uk<\/a><\/strong>in dem ich Geschichten \u00fcber Reisen und Fotografie erz\u00e4hle.  <\/p>\n\n<\/div><\/div><\/div>\n\n<div class=\"gb-grid-column gb-grid-column-903d716e\"><div class=\"gb-container gb-container-903d716e\"><div class=\"gb-inside-container\">\n<div class=\"gb-button-wrapper gb-button-wrapper-8b306ae4\">\n\n<a class=\"gb-button gb-button-46b5be3b gb-button-text\" href=\"https:\/\/marcinkrokowski.com\/de\/kontakt\/\">Kontakt<\/a>\n\n<\/div>\n<\/div><\/div><\/div>\n<\/div>\n<\/div><\/div>\n\n<div class=\"gb-container gb-container-23541844\"><div class=\"gb-inside-container\">\n\n<h4 class=\"gb-headline gb-headline-714072de\"><span class=\"gb-icon\"><svg xmlns=\"http:\/\/www.w3.org\/2000\/svg\" aria-hidden=\"true\" height=\"1em\" width=\"1em\" viewBox=\"0 0 512 512\"><path fill=\"currentColor\" d=\"M464 64H48C21.49 64 0 85.49 0 112v288c0 26.51 21.49 48 48 48h416c26.51 0 48-21.49 48-48V112c0-26.51-21.49-48-48-48zm0 48v40.805c-22.422 18.259-58.168 46.651-134.587 106.49-16.841 13.247-50.201 45.072-73.413 44.701-23.208.375-56.579-31.459-73.413-44.701C106.18 199.465 70.425 171.067 48 152.805V112h416zM48 400V214.398c22.914 18.251 55.409 43.862 104.938 82.646 21.857 17.205 60.134 55.186 103.062 54.955 42.717.231 80.509-37.199 103.053-54.947 49.528-38.783 82.032-64.401 104.947-82.653V400H48z\"><\/path><\/svg><\/span><span class=\"gb-headline-text\">Sind Sie neugierig, was ich gerade mache? Melden Sie sich f\u00fcr den Newsletter an. <\/span><\/h4>\n\n\n\n<p class=\"has-text-align-center\">In K\u00fcrze wird hier ein Formular zur Anmeldung erscheinen.<\/p>\n\n<\/div><\/div>","protected":false},"excerpt":{"rendered":"<p>EventfotografMarcin Krokowski,Freiberufler, Reisender und Blogger Sind Sie neugierig, was ich gerade mache? Melden Sie sich f\u00fcr den Newsletter an. In K\u00fcrze wird hier ein Formular<\/p>\n","protected":false},"author":1,"featured_media":22144,"parent":0,"menu_order":0,"comment_status":"closed","ping_status":"closed","template":"","meta":{"footnotes":""},"class_list":{"0":"post-18513","1":"page","2":"type-page","3":"status-publish","4":"has-post-thumbnail","6":"infinite-scroll-item"},"featured_image_urls_v2":{"full":["https:\/\/marcinkrokowski.com\/wp-content\/uploads\/2025\/05\/Marcin-Krokowski-Fotograf-Eventowy-z-Warszawy.jpg",1280,720,false],"thumbnail":["https:\/\/marcinkrokowski.com\/wp-content\/uploads\/2025\/05\/Marcin-Krokowski-Fotograf-Eventowy-z-Warszawy-450x253.jpg",450,253,true],"medium":["https:\/\/marcinkrokowski.com\/wp-content\/uploads\/2025\/05\/Marcin-Krokowski-Fotograf-Eventowy-z-Warszawy-900x506.jpg",900,506,true],"medium_large":["https:\/\/marcinkrokowski.com\/wp-content\/uploads\/2025\/05\/Marcin-Krokowski-Fotograf-Eventowy-z-Warszawy-768x432.jpg",768,432,true],"large":["https:\/\/marcinkrokowski.com\/wp-content\/uploads\/2025\/05\/Marcin-Krokowski-Fotograf-Eventowy-z-Warszawy-1200x675.jpg",1200,675,true],"1536x1536":["https:\/\/marcinkrokowski.com\/wp-content\/uploads\/2025\/05\/Marcin-Krokowski-Fotograf-Eventowy-z-Warszawy.jpg",1280,720,false],"2048x2048":["https:\/\/marcinkrokowski.com\/wp-content\/uploads\/2025\/05\/Marcin-Krokowski-Fotograf-Eventowy-z-Warszawy.jpg",1280,720,false],"gform-image-choice-sm":["https:\/\/marcinkrokowski.com\/wp-content\/uploads\/2025\/05\/Marcin-Krokowski-Fotograf-Eventowy-z-Warszawy.jpg",300,169,false],"gform-image-choice-md":["https:\/\/marcinkrokowski.com\/wp-content\/uploads\/2025\/05\/Marcin-Krokowski-Fotograf-Eventowy-z-Warszawy.jpg",400,225,false],"gform-image-choice-lg":["https:\/\/marcinkrokowski.com\/wp-content\/uploads\/2025\/05\/Marcin-Krokowski-Fotograf-Eventowy-z-Warszawy.jpg",600,338,false]},"post_excerpt_stackable_v2":"<p>EventfotografMarcin Krokowski,Freiberufler, Reisender und Blogger \u00dcber mich Eventfotograf Marcin Krokowski Ich werde hier nicht schreiben, dass ich seit meiner Kindheit eine Kamera in den H\u00e4nden halte. Ich habe eine auf dem Dachboden gefunden und seitdem ist die Fotografie zu meiner gr\u00f6\u00dften Leidenschaft geworden. Ich bin kein Philosoph der Fotografie und ich gebe mich nicht als K\u00fcnstler aus. Ich liebe die Fotografie. Es kommt wirklich gut heraus und die Befriedigung, den richtigen Moment eingefangen zu haben, ist etwas, das mich antreibt. Ich begann damit, Freunde, Models und verlassene Orte zu fotografieren, und dann begann die Kamera, mich \u00fcberallhin zu begleiten. Ich&#8230;<\/p>\n","category_list_v2":"","author_info_v2":{"name":"Marcin","url":"https:\/\/marcinkrokowski.com\/de\/author\/marcinkompele_k2gxbthi\/"},"comments_num_v2":"0 comments","_links":{"self":[{"href":"https:\/\/marcinkrokowski.com\/de\/wp-json\/wp\/v2\/pages\/18513","targetHints":{"allow":["GET"]}}],"collection":[{"href":"https:\/\/marcinkrokowski.com\/de\/wp-json\/wp\/v2\/pages"}],"about":[{"href":"https:\/\/marcinkrokowski.com\/de\/wp-json\/wp\/v2\/types\/page"}],"author":[{"embeddable":true,"href":"https:\/\/marcinkrokowski.com\/de\/wp-json\/wp\/v2\/users\/1"}],"replies":[{"embeddable":true,"href":"https:\/\/marcinkrokowski.com\/de\/wp-json\/wp\/v2\/comments?post=18513"}],"version-history":[{"count":13,"href":"https:\/\/marcinkrokowski.com\/de\/wp-json\/wp\/v2\/pages\/18513\/revisions"}],"predecessor-version":[{"id":31121,"href":"https:\/\/marcinkrokowski.com\/de\/wp-json\/wp\/v2\/pages\/18513\/revisions\/31121"}],"wp:featuredmedia":[{"embeddable":true,"href":"https:\/\/marcinkrokowski.com\/de\/wp-json\/wp\/v2\/media\/22144"}],"wp:attachment":[{"href":"https:\/\/marcinkrokowski.com\/de\/wp-json\/wp\/v2\/media?parent=18513"}],"curies":[{"name":"wp","href":"https:\/\/api.w.org\/{rel}","templated":true}]}}