{"id":18512,"date":"2022-08-02T07:30:18","date_gmt":"2022-08-02T05:30:18","guid":{"rendered":"https:\/\/marcinkrokowski.com\/bestaetigung-des-nachrichtenversands-angebot\/"},"modified":"2025-12-28T22:37:21","modified_gmt":"2025-12-28T21:37:21","slug":"bestaetigung-des-nachrichtenversands-angebot","status":"publish","type":"page","link":"https:\/\/marcinkrokowski.com\/de\/bestaetigung-des-nachrichtenversands-angebot\/","title":{"rendered":"Best\u00e4tigung des Nachrichtenversands &#8211; Angebot"},"content":{"rendered":"<div class=\"gb-container gb-container-0ce5c028\"><div class=\"gb-inside-container\">\n\n<div class=\"wp-block-stackable-icon stk-block-icon has-text-align-center stk-block stk-7c43262\" data-block-id=\"7c43262\"><style>.stk-7c43262 .stk--svg-wrapper .stk--inner-svg svg:last-child{height:150px !important;width:150px !important}.stk-7c43262 .stk--svg-wrapper .stk--inner-svg svg:last-child,.stk-7c43262 .stk--svg-wrapper .stk--inner-svg svg:last-child :is(g,path,rect,polygon,ellipse){fill:var(--contrast) !important}<\/style><span class=\"stk--svg-wrapper\"><div class=\"stk--inner-svg\"><svg style=\"height:0;width:0\"><defs><lineargradient id=\"linear-gradient-7c43262\" x1=\"0\" x2=\"100%\" y1=\"0\" y2=\"0\"><stop offset=\"0%\" style=\"stop-opacity:1;stop-color:var(--linear-gradient-7-c-43262-color-1)\"><\/stop><stop offset=\"100%\" style=\"stop-opacity:1;stop-color:var(--linear-gradient-7-c-43262-color-2)\"><\/stop><\/lineargradient><\/defs><\/svg><svg xmlns=\"http:\/\/www.w3.org\/2000\/svg\" aria-hidden=\"true\" focusable=\"false\" data-prefix=\"far\" data-icon=\"thumbs-up\" class=\"svg-inline--fa fa-thumbs-up fa-w-16\" viewbox=\"0 0 512 512\" width=\"32\" height=\"32\"><path fill=\"currentColor\" d=\"M466.27 286.69C475.04 271.84 480 256 480 236.85c0-44.015-37.218-85.58-85.82-85.58H357.7c4.92-12.81 8.85-28.13 8.85-46.54C366.55 31.936 328.86 0 271.28 0c-61.607 0-58.093 94.933-71.76 108.6-22.747 22.747-49.615 66.447-68.76 83.4H32c-17.673 0-32 14.327-32 32v240c0 17.673 14.327 32 32 32h64c14.893 0 27.408-10.174 30.978-23.95 44.509 1.001 75.06 39.94 177.802 39.94 7.22 0 15.22.01 22.22.01 77.117 0 111.986-39.423 112.94-95.33 13.319-18.425 20.299-43.122 17.34-66.99 9.854-18.452 13.664-40.343 8.99-62.99zm-61.75 53.83c12.56 21.13 1.26 49.41-13.94 57.57 7.7 48.78-17.608 65.9-53.12 65.9h-37.82c-71.639 0-118.029-37.82-171.64-37.82V240h10.92c28.36 0 67.98-70.89 94.54-97.46 28.36-28.36 18.91-75.63 37.82-94.54 47.27 0 47.27 32.98 47.27 56.73 0 39.17-28.36 56.72-28.36 94.54h103.99c21.11 0 37.73 18.91 37.82 37.82.09 18.9-12.82 37.81-22.27 37.81 13.489 14.555 16.371 45.236-5.21 65.62zM88 432c0 13.255-10.745 24-24 24s-24-10.745-24-24 10.745-24 24-24 24 10.745 24 24z\"><\/path><\/svg><\/div><\/span><\/div>\n\n\n\n<h2 class=\"gb-headline gb-headline-59d4254a gb-headline-text\">Nachricht gesendet!<\/h2>\n\n<\/div><\/div>\n<div class=\"wp-block-stackable-heading stk-block-heading stk-block-heading--v2 stk-block stk-f25d433\" id=\"zobacz-jeszcze\" data-block-id=\"f25d433\"><style>.stk-f25d433 .stk-block-heading__bottom-line{height:5px !important;width:200px !important;background-color:var(u002du002d88445) !important;margin-top:15px !important;margin-left:auto !important;margin-right:auto !important;}.stk-f25d433 {padding-top:120px !important;}<\/style><h2 class=\"stk-block-heading__text has-text-align-center stk-block-heading--use-theme-margins\">Siehe auch<\/h2><div class=\"stk-block-heading__bottom-line\"><\/div><\/div>\n\n<div class=\"wp-block-stackable-posts stk-block-posts has-text-align-center has-text-align-center-tablet stk-block stk-e6d6322 is-style-portfolio\" data-v=\"2\" data-block-id=\"e6d6322\"><style>.stk-e6d6322 {--stk-columns:3 !important;align-items:center !important;padding-top:0px !important;padding-right:0px !important;padding-bottom:0px !important;padding-left:0px !important;display:flex !important;}.stk-e6d6322-container{align-items:center !important;padding-top:200px !important;display:flex !important;}.stk-e6d6322 .stk-img-wrapper{width:100% !important;--stk-gradient-overlay:0.5 !important;}.stk-e6d6322 .stk-img-wrapper:hover img{filter:brightness(0.8) !important;}.stk-e6d6322 .stk-img-wrapper img{transform:scale(1.07) !important;}.stk-e6d6322 .stk-img-wrapper::after{background-color:var(--contrast) !important;}.stk-e6d6322 .stk-block-posts__title a{font-size:23px !important;color:#FFFFFF !important;font-weight:600 !important;text-transform:uppercase !important;}.stk-e6d6322 .stk-block-posts__category, .stk-e6d6322 .stk-block-posts__category a{color:#FFFFFF !important;}.stk-e6d6322 .stk-block-posts__excerpt p{color:#FFFFFF !important;}.stk-e6d6322 .stk-block-posts__meta{color:#2091e1 !important;}.stk-e6d6322 .stk-block-posts__readmore{color:#FFFFFF !important;}@media screen and (max-width: 1023px){.stk-e6d6322 {--stk-columns:3 !important;}.stk-e6d6322 .stk-block-posts__title a{font-size:23px !important;}}<\/style><div class=\"stk-inner-blocks stk-content-align stk-e6d6322-column\"><div class=\"stk-block-posts__items\"><div class=\"stk-block-posts__item\"><div class=\"stk-container stk-e6d6322-container stk--no-background stk--no-padding\"><article class=\"stk-container-padding\"><a class=\"stk-img-wrapper-link\" href=\"https:\/\/marcinkrokowski.com\/de\/portfolio\/firmenfeier-mit-gemeinsamem-kochen-bei-cook-story-by-samsung\/\" aria-hidden=\"true\" tabindex=\"-1\"><\/a><figure class=\"stk-img-wrapper\"><img loading=\"lazy\" decoding=\"async\" width=\"900\" height=\"600\" src=\"https:\/\/marcinkrokowski.com\/wp-content\/uploads\/2023\/01\/fotograf-na-impreze-firmowa-ze-wspolnym-gotowaniem-62-900x600.jpg\" class=\"attachment-medium size-medium wp-post-image\" alt=\"Ein Mann, der Handschuhe tr\u00e4gt und mit seinen H\u00e4nden gestikuliert, leitet einen Kochkurs und erkl\u00e4rt einer Gruppe von aufmerksamen Teilnehmern die Technik. Die Gruppe, die haupts\u00e4chlich aus Frauen in Sch\u00fcrzen besteht, steht zusammen in der K\u00fcche, perfekt f\u00fcr ein Fotoshooting, das die Essenz des Workshops einf\u00e4ngt.\" srcset=\"https:\/\/marcinkrokowski.com\/wp-content\/uploads\/2023\/01\/fotograf-na-impreze-firmowa-ze-wspolnym-gotowaniem-62-900x600.jpg 900w, https:\/\/marcinkrokowski.com\/wp-content\/uploads\/2023\/01\/fotograf-na-impreze-firmowa-ze-wspolnym-gotowaniem-62-1200x800.jpg 1200w, https:\/\/marcinkrokowski.com\/wp-content\/uploads\/2023\/01\/fotograf-na-impreze-firmowa-ze-wspolnym-gotowaniem-62-450x300.jpg 450w, https:\/\/marcinkrokowski.com\/wp-content\/uploads\/2023\/01\/fotograf-na-impreze-firmowa-ze-wspolnym-gotowaniem-62.jpg 1920w\" sizes=\"auto, (max-width: 900px) 100vw, 900px\" title=\"\"><\/figure><h3 class=\"stk-block-posts__title has-text-align-center has-text-color has-white-color\"><a href=\"https:\/\/marcinkrokowski.com\/de\/portfolio\/firmenfeier-mit-gemeinsamem-kochen-bei-cook-story-by-samsung\/\">Firmenfeier mit gemeinsamem Kochen bei Cook Story by Samsung<\/a><\/h3><\/article><\/div><\/div><div class=\"stk-block-posts__item\"><div class=\"stk-container stk-e6d6322-container stk--no-background stk--no-padding\"><article class=\"stk-container-padding\"><a class=\"stk-img-wrapper-link\" href=\"https:\/\/marcinkrokowski.com\/de\/portfolio\/festival-der-weltknoedel-im-palast-der-kultur-und-wissenschaft\/\" aria-hidden=\"true\" tabindex=\"-1\"><\/a><figure class=\"stk-img-wrapper\"><img loading=\"lazy\" decoding=\"async\" width=\"900\" height=\"600\" src=\"https:\/\/marcinkrokowski.com\/wp-content\/uploads\/2017\/01\/Fotorelacja-z-targow-festiwal-pierogow-Swiata-w-PKiN-24-900x600.jpg\" class=\"attachment-medium size-medium wp-post-image\" alt=\"K\u00f6che in blauen Sch\u00fcrzen kleben Kn\u00f6del\" srcset=\"https:\/\/marcinkrokowski.com\/wp-content\/uploads\/2017\/01\/Fotorelacja-z-targow-festiwal-pierogow-Swiata-w-PKiN-24-900x600.jpg 900w, https:\/\/marcinkrokowski.com\/wp-content\/uploads\/2017\/01\/Fotorelacja-z-targow-festiwal-pierogow-Swiata-w-PKiN-24-1200x801.jpg 1200w, https:\/\/marcinkrokowski.com\/wp-content\/uploads\/2017\/01\/Fotorelacja-z-targow-festiwal-pierogow-Swiata-w-PKiN-24-450x300.jpg 450w, https:\/\/marcinkrokowski.com\/wp-content\/uploads\/2017\/01\/Fotorelacja-z-targow-festiwal-pierogow-Swiata-w-PKiN-24.jpg 1920w\" sizes=\"auto, (max-width: 900px) 100vw, 900px\" title=\"\"><\/figure><h3 class=\"stk-block-posts__title has-text-align-center has-text-color has-white-color\"><a href=\"https:\/\/marcinkrokowski.com\/de\/portfolio\/festival-der-weltknoedel-im-palast-der-kultur-und-wissenschaft\/\">Festival der Weltkn\u00f6del im Palast der Kultur und Wissenschaft<\/a><\/h3><\/article><\/div><\/div><div class=\"stk-block-posts__item\"><div class=\"stk-container stk-e6d6322-container stk--no-background stk--no-padding\"><article class=\"stk-container-padding\"><a class=\"stk-img-wrapper-link\" href=\"https:\/\/marcinkrokowski.com\/de\/portfolio\/betriebsfest-am-weichselufer-bei-miami-wars-stimmungsvolle-integration-auf-warschaus-boulevards\/\" aria-hidden=\"true\" tabindex=\"-1\"><\/a><figure class=\"stk-img-wrapper\"><img loading=\"lazy\" decoding=\"async\" width=\"900\" height=\"600\" src=\"https:\/\/marcinkrokowski.com\/wp-content\/uploads\/2025\/11\/Impreza-firmowa-nad-Wisla-Warszawa-fotograf-eventowy-156-900x600.jpg\" class=\"attachment-medium size-medium wp-post-image\" alt=\"Eine Gruppe von Menschen sitzt und steht am Abend um ein Feuer im Freien, backt Essen auf St\u00f6cken, lacht und genie\u00dft die Gesellschaft der anderen unter einem Baum mit Lichterketten.\" srcset=\"https:\/\/marcinkrokowski.com\/wp-content\/uploads\/2025\/11\/Impreza-firmowa-nad-Wisla-Warszawa-fotograf-eventowy-156-900x600.jpg 900w, https:\/\/marcinkrokowski.com\/wp-content\/uploads\/2025\/11\/Impreza-firmowa-nad-Wisla-Warszawa-fotograf-eventowy-156-1200x800.jpg 1200w, https:\/\/marcinkrokowski.com\/wp-content\/uploads\/2025\/11\/Impreza-firmowa-nad-Wisla-Warszawa-fotograf-eventowy-156-450x300.jpg 450w, https:\/\/marcinkrokowski.com\/wp-content\/uploads\/2025\/11\/Impreza-firmowa-nad-Wisla-Warszawa-fotograf-eventowy-156-768x512.jpg 768w, https:\/\/marcinkrokowski.com\/wp-content\/uploads\/2025\/11\/Impreza-firmowa-nad-Wisla-Warszawa-fotograf-eventowy-156-1536x1024.jpg 1536w, https:\/\/marcinkrokowski.com\/wp-content\/uploads\/2025\/11\/Impreza-firmowa-nad-Wisla-Warszawa-fotograf-eventowy-156.jpg 1920w\" sizes=\"auto, (max-width: 900px) 100vw, 900px\" title=\"\"><\/figure><h3 class=\"stk-block-posts__title has-text-align-center has-text-color has-white-color\"><a href=\"https:\/\/marcinkrokowski.com\/de\/portfolio\/betriebsfest-am-weichselufer-bei-miami-wars-stimmungsvolle-integration-auf-warschaus-boulevards\/\">Betriebsfest am Weichselufer bei Miami Wars &#8211; stimmungsvolle Integration auf Warschaus Boulevards<\/a><\/h3><\/article><\/div><\/div><div class=\"stk-block-posts__item\"><div class=\"stk-container stk-e6d6322-container stk--no-background stk--no-padding\"><article class=\"stk-container-padding\"><a class=\"stk-img-wrapper-link\" href=\"https:\/\/marcinkrokowski.com\/de\/portfolio\/architectwork-warschau-2025-klima-design-und-fotografische-herausforderungen-fotoreportage\/\" aria-hidden=\"true\" tabindex=\"-1\"><\/a><figure class=\"stk-img-wrapper\"><img loading=\"lazy\" decoding=\"async\" width=\"900\" height=\"600\" src=\"https:\/\/marcinkrokowski.com\/wp-content\/uploads\/2025\/08\/reportaz-targi-architektura-architectatwork-2025-27-900x600.jpg\" class=\"attachment-medium size-medium wp-post-image\" alt=\"Eine moderne Raumparty mit Menschen, die sich um eine runde, beleuchtete Bar versammeln. Einzigartige Holzskulpturen h\u00e4ngen von der Decke und die Teilnehmer sitzen oder stehen in einer ger\u00e4umigen, stilvollen Umgebung mit schwarzen Vorh\u00e4ngen und modernen M\u00f6beln.\" srcset=\"https:\/\/marcinkrokowski.com\/wp-content\/uploads\/2025\/08\/reportaz-targi-architektura-architectatwork-2025-27-900x600.jpg 900w, https:\/\/marcinkrokowski.com\/wp-content\/uploads\/2025\/08\/reportaz-targi-architektura-architectatwork-2025-27-1200x800.jpg 1200w, https:\/\/marcinkrokowski.com\/wp-content\/uploads\/2025\/08\/reportaz-targi-architektura-architectatwork-2025-27-450x300.jpg 450w, https:\/\/marcinkrokowski.com\/wp-content\/uploads\/2025\/08\/reportaz-targi-architektura-architectatwork-2025-27-768x512.jpg 768w, https:\/\/marcinkrokowski.com\/wp-content\/uploads\/2025\/08\/reportaz-targi-architektura-architectatwork-2025-27-1536x1024.jpg 1536w, https:\/\/marcinkrokowski.com\/wp-content\/uploads\/2025\/08\/reportaz-targi-architektura-architectatwork-2025-27.jpg 1920w\" sizes=\"auto, (max-width: 900px) 100vw, 900px\" title=\"\"><\/figure><h3 class=\"stk-block-posts__title has-text-align-center has-text-color has-white-color\"><a href=\"https:\/\/marcinkrokowski.com\/de\/portfolio\/architectwork-warschau-2025-klima-design-und-fotografische-herausforderungen-fotoreportage\/\">ARCHITECT@WORK Warschau 2025 &#8211; Klima, Design und fotografische Herausforderungen &#8211; Fotoreportage<\/a><\/h3><\/article><\/div><\/div><div class=\"stk-block-posts__item\"><div class=\"stk-container stk-e6d6322-container stk--no-background stk--no-padding\"><article class=\"stk-container-padding\"><a class=\"stk-img-wrapper-link\" href=\"https:\/\/marcinkrokowski.com\/de\/portfolio\/xii-weinmagazin-grand-prix-gala\/\" aria-hidden=\"true\" tabindex=\"-1\"><\/a><figure class=\"stk-img-wrapper\"><img loading=\"lazy\" decoding=\"async\" width=\"900\" height=\"600\" src=\"https:\/\/marcinkrokowski.com\/wp-content\/uploads\/2022\/10\/grand-prix-magazynu-wino-2017-livecooking3-900x600.jpg\" class=\"attachment-medium size-medium wp-post-image\" alt=\"St\u00e4nde auf der Messe Wine Magazine Grand Prix\" srcset=\"https:\/\/marcinkrokowski.com\/wp-content\/uploads\/2022\/10\/grand-prix-magazynu-wino-2017-livecooking3-900x600.jpg 900w, https:\/\/marcinkrokowski.com\/wp-content\/uploads\/2022\/10\/grand-prix-magazynu-wino-2017-livecooking3-1200x801.jpg 1200w, https:\/\/marcinkrokowski.com\/wp-content\/uploads\/2022\/10\/grand-prix-magazynu-wino-2017-livecooking3-450x300.jpg 450w, https:\/\/marcinkrokowski.com\/wp-content\/uploads\/2022\/10\/grand-prix-magazynu-wino-2017-livecooking3.jpg 1920w\" sizes=\"auto, (max-width: 900px) 100vw, 900px\" title=\"\"><\/figure><h3 class=\"stk-block-posts__title has-text-align-center has-text-color has-white-color\"><a href=\"https:\/\/marcinkrokowski.com\/de\/portfolio\/xii-weinmagazin-grand-prix-gala\/\">XII Weinmagazin Grand Prix Gala<\/a><\/h3><\/article><\/div><\/div><div class=\"stk-block-posts__item\"><div class=\"stk-container stk-e6d6322-container stk--no-background stk--no-padding\"><article class=\"stk-container-padding\"><a class=\"stk-img-wrapper-link\" href=\"https:\/\/marcinkrokowski.com\/de\/portfolio\/konferenz-im-schloss-ujazdowski\/\" aria-hidden=\"true\" tabindex=\"-1\"><\/a><figure class=\"stk-img-wrapper\"><img loading=\"lazy\" decoding=\"async\" width=\"900\" height=\"600\" src=\"https:\/\/marcinkrokowski.com\/wp-content\/uploads\/2022\/11\/fotograf-na-konferencje-zamek-ujazdowski-warszawa-50-900x600.jpg\" class=\"attachment-medium size-medium wp-post-image\" alt=\"Konferenz im Schloss Ujazdowski\" srcset=\"https:\/\/marcinkrokowski.com\/wp-content\/uploads\/2022\/11\/fotograf-na-konferencje-zamek-ujazdowski-warszawa-50-900x600.jpg 900w, https:\/\/marcinkrokowski.com\/wp-content\/uploads\/2022\/11\/fotograf-na-konferencje-zamek-ujazdowski-warszawa-50-1200x801.jpg 1200w, https:\/\/marcinkrokowski.com\/wp-content\/uploads\/2022\/11\/fotograf-na-konferencje-zamek-ujazdowski-warszawa-50-450x300.jpg 450w, https:\/\/marcinkrokowski.com\/wp-content\/uploads\/2022\/11\/fotograf-na-konferencje-zamek-ujazdowski-warszawa-50.jpg 1920w\" sizes=\"auto, (max-width: 900px) 100vw, 900px\" title=\"\"><\/figure><h3 class=\"stk-block-posts__title has-text-align-center has-text-color has-white-color\"><a href=\"https:\/\/marcinkrokowski.com\/de\/portfolio\/konferenz-im-schloss-ujazdowski\/\">Konferenz im Schloss Ujazdowski<\/a><\/h3><\/article><\/div><\/div><\/div><div class=\"stk-inner-blocks\"><\/div><\/div><\/div>\n","protected":false},"excerpt":{"rendered":"<p>Nachricht gesendet! Siehe auch Fotoreportage: Kapitalmarktrechtsturnier an der WSE Mein Abenteuer als Fotograf bei einer Geburtstagsparty in einem Trampolinpark BLISKO-Konferenz in Gdynia Fotoreportage zur Er\u00f6ffnung<\/p>\n","protected":false},"author":1,"featured_media":0,"parent":0,"menu_order":0,"comment_status":"closed","ping_status":"closed","template":"","meta":{"footnotes":""},"class_list":{"0":"post-18512","1":"page","2":"type-page","3":"status-publish","5":"infinite-scroll-item"},"featured_image_urls_v2":{"full":"","thumbnail":"","medium":"","medium_large":"","large":"","1536x1536":"","2048x2048":"","gform-image-choice-sm":"","gform-image-choice-md":"","gform-image-choice-lg":""},"post_excerpt_stackable_v2":"<p>Nachricht gesendet! Siehe auch 99 Probleme Reebok Fit Shop Wettbewerb &#8211; Tag 1Fotoreportage von der Gala und dem Teambuilding im Hotel WarszawiankaGeburtstagsparty eines RadfahrersIntel Overclocking Masters 2022Betriebsfest am Weichselufer bei Miami Wars &#8211; stimmungsvolle Integration auf Warschaus BoulevardsFotoreportage vom Wege Festival in Agricola<\/p>\n","category_list_v2":"","author_info_v2":{"name":"Marcin","url":"https:\/\/marcinkrokowski.com\/de\/author\/marcinkompele_k2gxbthi\/"},"comments_num_v2":"0 comments","_links":{"self":[{"href":"https:\/\/marcinkrokowski.com\/de\/wp-json\/wp\/v2\/pages\/18512","targetHints":{"allow":["GET"]}}],"collection":[{"href":"https:\/\/marcinkrokowski.com\/de\/wp-json\/wp\/v2\/pages"}],"about":[{"href":"https:\/\/marcinkrokowski.com\/de\/wp-json\/wp\/v2\/types\/page"}],"author":[{"embeddable":true,"href":"https:\/\/marcinkrokowski.com\/de\/wp-json\/wp\/v2\/users\/1"}],"replies":[{"embeddable":true,"href":"https:\/\/marcinkrokowski.com\/de\/wp-json\/wp\/v2\/comments?post=18512"}],"version-history":[{"count":2,"href":"https:\/\/marcinkrokowski.com\/de\/wp-json\/wp\/v2\/pages\/18512\/revisions"}],"predecessor-version":[{"id":31026,"href":"https:\/\/marcinkrokowski.com\/de\/wp-json\/wp\/v2\/pages\/18512\/revisions\/31026"}],"wp:attachment":[{"href":"https:\/\/marcinkrokowski.com\/de\/wp-json\/wp\/v2\/media?parent=18512"}],"curies":[{"name":"wp","href":"https:\/\/api.w.org\/{rel}","templated":true}]}}